{"id":16,"date":"2024-03-29T20:23:46","date_gmt":"2024-03-29T17:23:46","guid":{"rendered":"https:\/\/bijuden.com\/index.php\/sepet\/"},"modified":"2024-04-09T15:09:19","modified_gmt":"2024-04-09T12:09:19","slug":"sepet","status":"publish","type":"page","link":"https:\/\/bijuden.com\/index.php\/sepet\/","title":{"rendered":"Sepet"},"content":{"rendered":"\n<div data-block-name=\"woocommerce\/cart\" class=\"wp-block-woocommerce-cart alignwide is-loading\">\n<div data-block-name=\"woocommerce\/filled-cart-block\" class=\"wp-block-woocommerce-filled-cart-block\">\n<div data-block-name=\"woocommerce\/cart-items-block\" class=\"wp-block-woocommerce-cart-items-block\">\n<div data-block-name=\"woocommerce\/cart-line-items-block\" class=\"wp-block-woocommerce-cart-line-items-block\"><\/div>\n\n\n\n<div data-block-name=\"woocommerce\/cart-cross-sells-block\" class=\"wp-block-woocommerce-cart-cross-sells-block\">\n<h2 class=\"wp-block-heading has-large-font-size\">\u0130lginizi \u00e7ekebilir\u2026<\/h2>\n\n\n\n<div data-block-name=\"woocommerce\/cart-cross-sells-products-block\" class=\"wp-block-woocommerce-cart-cross-sells-products-block\"><\/div>\n<\/div>\n<\/div>\n\n\n\n<div data-block-name=\"woocommerce\/cart-totals-block\" class=\"wp-block-woocommerce-cart-totals-block\">\n<div data-block-name=\"woocommerce\/cart-order-summary-block\" class=\"wp-block-woocommerce-cart-order-summary-block\">\n<div data-block-name=\"woocommerce\/cart-order-summary-heading-block\" class=\"wp-block-woocommerce-cart-order-summary-heading-block\"><\/div><div data-block-name=\"woocommerce\/cart-order-summary-coupon-form-block\" class=\"wp-block-woocommerce-cart-order-summary-coupon-form-block\"><\/div><div data-block-name=\"woocommerce\/cart-order-summary-totals-block\" class=\"wp-block-woocommerce-cart-order-summary-totals-block\">\n<div data-block-name=\"woocommerce\/cart-order-summary-subtotal-block\" class=\"wp-block-woocommerce-cart-order-summary-subtotal-block\"><\/div>\n<div data-block-name=\"woocommerce\/cart-order-summary-discount-block\" class=\"wp-block-woocommerce-cart-order-summary-discount-block\"><\/div>\n<div data-block-name=\"woocommerce\/cart-order-summary-fee-block\" class=\"wp-block-woocommerce-cart-order-summary-fee-block\"><\/div>\n<div data-block-name=\"woocommerce\/cart-order-summary-shipping-block\" class=\"wp-block-woocommerce-cart-order-summary-shipping-block\"><\/div>\n<div data-block-name=\"woocommerce\/cart-order-summary-taxes-block\" class=\"wp-block-woocommerce-cart-order-summary-taxes-block\"><\/div><\/div>\n<\/div>\n\n\n\n<div data-block-name=\"woocommerce\/cart-express-payment-block\" class=\"wp-block-woocommerce-cart-express-payment-block\"><\/div>\n\n\n\n<div data-block-name=\"woocommerce\/proceed-to-checkout-block\" class=\"wp-block-woocommerce-proceed-to-checkout-block\"><\/div>\n\n\n\n<div data-block-name=\"woocommerce\/cart-accepted-payment-methods-block\" class=\"wp-block-woocommerce-cart-accepted-payment-methods-block\"><\/div>\n<\/div>\n<\/div>\n\n\n\n<div data-block-name=\"woocommerce\/empty-cart-block\" class=\"wp-block-woocommerce-empty-cart-block\">\n<h2 class=\"wp-block-heading has-text-align-center with-empty-cart-icon wc-block-cart__empty-cart__title\">Sepetiniz \u015fu anda bo\u015f!<\/h2>\n\n\n\n<hr class=\"wp-block-separator has-alpha-channel-opacity is-style-dots\"\/>\n\n\n\n<h2 class=\"wp-block-heading has-text-align-center\">Ma\u011fazada yeni<\/h2>\n\n\n<div data-block-name=\"woocommerce\/product-new\" data-columns=\"4\" data-rows=\"1\" class=\"wc-block-grid wp-block-product-new wp-block-woocommerce-product-new wc-block-product-new has-4-columns\"><ul class=\"wc-block-grid__products\"><li class=\"wc-block-grid__product entry loop-entry content-bg woo-archive-action-visible woo-archive-btn-button product-loop-unboxed woo-archive-image-hover-zoom\"><a href=\"https:\/\/bijuden.com\/index.php\/urun\/donen-gul-taki-kutusu-hareketli-kanatli-prenses-kolye-ve-ciddi-iliski-yuzugu-seti\/\" class=\"wc-block-grid__product-link woocommerce-loop-image-link woocommerce-LoopProduct-link woocommerce-loop-product__link product-has-hover-image\">\n\t\t\t\t\t<img fetchpriority=\"high\" decoding=\"async\" width=\"300\" height=\"300\" src=\"https:\/\/bijuden.com\/wp-content\/uploads\/2024\/04\/1-pembe-kanatli-300x300.png\" class=\"attachment-woocommerce_thumbnail size-woocommerce_thumbnail\" alt=\"D\u00f6nen G\u00fcl Tak\u0131 Kutusu + Hareketli Kanatl\u0131 Prenses Kolye ve Ciddi \u0130li\u015fki Y\u00fcz\u00fc\u011f\u00fc Seti\" srcset=\"https:\/\/bijuden.com\/wp-content\/uploads\/2024\/04\/1-pembe-kanatli-300x300.png 300w, https:\/\/bijuden.com\/wp-content\/uploads\/2024\/04\/1-pembe-kanatli-1024x1024.png 1024w, https:\/\/bijuden.com\/wp-content\/uploads\/2024\/04\/1-pembe-kanatli-150x150.png 150w, https:\/\/bijuden.com\/wp-content\/uploads\/2024\/04\/1-pembe-kanatli-768x768.png 768w, https:\/\/bijuden.com\/wp-content\/uploads\/2024\/04\/1-pembe-kanatli-1536x1536.png 1536w, https:\/\/bijuden.com\/wp-content\/uploads\/2024\/04\/1-pembe-kanatli-600x600.png 600w, https:\/\/bijuden.com\/wp-content\/uploads\/2024\/04\/1-pembe-kanatli-100x100.png 100w, https:\/\/bijuden.com\/wp-content\/uploads\/2024\/04\/1-pembe-kanatli.png 2000w\" sizes=\"(max-width: 300px) 100vw, 300px\" \/>\n\t\t\t\t\t<img decoding=\"async\" width=\"300\" height=\"300\" src=\"https:\/\/bijuden.com\/wp-content\/uploads\/2024\/04\/2-Altin-Kaplama-Hareketli-Kalpli-Set-300x300.png\" class=\"secondary-product-image attachment-woocommerce_thumbnail attachment-shop-catalog wp-post-image wp-post-image--secondary\" alt=\"\" title=\"2 Alt\u0131n Kaplama &#8211; Hareketli Kalpli Set\" srcset=\"https:\/\/bijuden.com\/wp-content\/uploads\/2024\/04\/2-Altin-Kaplama-Hareketli-Kalpli-Set-300x300.png 300w, https:\/\/bijuden.com\/wp-content\/uploads\/2024\/04\/2-Altin-Kaplama-Hareketli-Kalpli-Set-1024x1024.png 1024w, https:\/\/bijuden.com\/wp-content\/uploads\/2024\/04\/2-Altin-Kaplama-Hareketli-Kalpli-Set-150x150.png 150w, https:\/\/bijuden.com\/wp-content\/uploads\/2024\/04\/2-Altin-Kaplama-Hareketli-Kalpli-Set-768x768.png 768w, https:\/\/bijuden.com\/wp-content\/uploads\/2024\/04\/2-Altin-Kaplama-Hareketli-Kalpli-Set-1536x1536.png 1536w, https:\/\/bijuden.com\/wp-content\/uploads\/2024\/04\/2-Altin-Kaplama-Hareketli-Kalpli-Set-600x600.png 600w, https:\/\/bijuden.com\/wp-content\/uploads\/2024\/04\/2-Altin-Kaplama-Hareketli-Kalpli-Set-100x100.png 100w, https:\/\/bijuden.com\/wp-content\/uploads\/2024\/04\/2-Altin-Kaplama-Hareketli-Kalpli-Set.png 2000w\" sizes=\"(max-width: 300px) 100vw, 300px\" \/>\n\t\t\t\t<\/a><div class=\"wc-block-grid__product-onsale\">\n\t\t\t<span aria-hidden=\"true\">\u0130ndirim<\/span>\n\t\t\t<span class=\"screen-reader-text\">\u0130ndirimdeki \u00fcr\u00fcn<\/span>\n\t\t<\/div>\n\t\t\t\t<div class=\"product-details content-bg entry-content-wrap\">\n\t\t\t\t\t<a href=\"https:\/\/bijuden.com\/index.php\/urun\/donen-gul-taki-kutusu-hareketli-kanatli-prenses-kolye-ve-ciddi-iliski-yuzugu-seti\/\" class=\"wc-block-grid__product-title-link\">\n\t\t\t\t\t\t<div class=\"wc-block-grid__product-title\">D\u00f6nen G\u00fcl Tak\u0131 Kutusu + Hareketli Kanatl\u0131 Prenses Kolye ve Ciddi \u0130li\u015fki Y\u00fcz\u00fc\u011f\u00fc Seti<\/div>\n\t\t\t\t\t<\/a>\n\t\t\t\t\t\n\t\t\t\t\t<div class=\"wc-block-grid__product-price price\"><del aria-hidden=\"true\"><span class=\"woocommerce-Price-amount amount\">1300&nbsp;<span class=\"woocommerce-Price-currencySymbol\">&#8378;<\/span><\/span><\/del> <span class=\"screen-reader-text\">Orijinal fiyat: 1300&nbsp;&#8378;.<\/span><ins aria-hidden=\"true\"><span class=\"woocommerce-Price-amount amount\">790&nbsp;<span class=\"woocommerce-Price-currencySymbol\">&#8378;<\/span><\/span><\/ins><span class=\"screen-reader-text\">\u015eu andaki fiyat: 790&nbsp;&#8378;.<\/span><\/div>\n\t\t\t\t\t<div class=\"wp-block-button wc-block-grid__product-add-to-cart\"><a href=\"https:\/\/bijuden.com\/index.php\/urun\/donen-gul-taki-kutusu-hareketli-kanatli-prenses-kolye-ve-ciddi-iliski-yuzugu-seti\/\" aria-label=\"&ldquo;D\u00f6nen G\u00fcl Tak\u0131 Kutusu + Hareketli Kanatl\u0131 Prenses Kolye ve Ciddi \u0130li\u015fki Y\u00fcz\u00fc\u011f\u00fc Seti&rdquo; hakk\u0131nda daha fazla bilgi edinin\" data-quantity=\"1\" data-product_id=\"738\" data-product_sku=\"\" rel=\"nofollow\" class=\"wp-block-button__link add_to_cart_button\">Devam\u0131n\u0131 oku<span class=\"kadence-svg-iconset svg-baseline\"><svg class=\"kadence-svg-icon kadence-spinner-svg\" fill=\"currentColor\" version=\"1.1\" xmlns=\"http:\/\/www.w3.org\/2000\/svg\" width=\"16\" height=\"16\" viewBox=\"0 0 16 16\"><title>Loading<\/title><path d=\"M16 6h-6l2.243-2.243c-1.133-1.133-2.64-1.757-4.243-1.757s-3.109 0.624-4.243 1.757c-1.133 1.133-1.757 2.64-1.757 4.243s0.624 3.109 1.757 4.243c1.133 1.133 2.64 1.757 4.243 1.757s3.109-0.624 4.243-1.757c0.095-0.095 0.185-0.192 0.273-0.292l1.505 1.317c-1.466 1.674-3.62 2.732-6.020 2.732-4.418 0-8-3.582-8-8s3.582-8 8-8c2.209 0 4.209 0.896 5.656 2.344l2.343-2.344v6z\"><\/path>\n\t\t\t\t<\/svg><\/span><span class=\"kadence-svg-iconset svg-baseline\"><svg class=\"kadence-svg-icon kadence-check-svg\" fill=\"currentColor\" version=\"1.1\" xmlns=\"http:\/\/www.w3.org\/2000\/svg\" width=\"16\" height=\"16\" viewBox=\"0 0 16 16\"><title>Done<\/title><path d=\"M14 2.5l-8.5 8.5-3.5-3.5-1.5 1.5 5 5 10-10z\"><\/path>\n\t\t\t\t<\/svg><\/span><\/a><\/div>\n\t\t\t\t<\/div>\n\t\t\t<\/li><li class=\"wc-block-grid__product entry loop-entry content-bg woo-archive-action-visible woo-archive-btn-button product-loop-unboxed woo-archive-image-hover-zoom\"><a href=\"https:\/\/bijuden.com\/index.php\/urun\/donen-gul-taki-kutusu-hareketli-kanatli-prenses-kolye-ve-ciddi-iliski-yuzugu-seti-gumus-renk\/\" class=\"wc-block-grid__product-link woocommerce-loop-image-link woocommerce-LoopProduct-link woocommerce-loop-product__link product-has-hover-image\">\n\t\t\t\t\t<img decoding=\"async\" width=\"300\" height=\"300\" src=\"https:\/\/bijuden.com\/wp-content\/uploads\/2024\/04\/2-gumus-beyaz-300x300.png\" class=\"attachment-woocommerce_thumbnail size-woocommerce_thumbnail\" alt=\"D\u00f6nen G\u00fcl Tak\u0131 Kutusu + Hareketli Kanatl\u0131 Prenses Kolye ve Ciddi \u0130li\u015fki Y\u00fcz\u00fc\u011f\u00fc Seti G\u00fcm\u00fc\u015f Renk\" srcset=\"https:\/\/bijuden.com\/wp-content\/uploads\/2024\/04\/2-gumus-beyaz-300x300.png 300w, https:\/\/bijuden.com\/wp-content\/uploads\/2024\/04\/2-gumus-beyaz-1024x1024.png 1024w, https:\/\/bijuden.com\/wp-content\/uploads\/2024\/04\/2-gumus-beyaz-150x150.png 150w, https:\/\/bijuden.com\/wp-content\/uploads\/2024\/04\/2-gumus-beyaz-768x768.png 768w, https:\/\/bijuden.com\/wp-content\/uploads\/2024\/04\/2-gumus-beyaz-1536x1536.png 1536w, https:\/\/bijuden.com\/wp-content\/uploads\/2024\/04\/2-gumus-beyaz-600x600.png 600w, https:\/\/bijuden.com\/wp-content\/uploads\/2024\/04\/2-gumus-beyaz-100x100.png 100w, https:\/\/bijuden.com\/wp-content\/uploads\/2024\/04\/2-gumus-beyaz.png 2000w\" sizes=\"(max-width: 300px) 100vw, 300px\" \/>\n\t\t\t\t\t<img loading=\"lazy\" decoding=\"async\" width=\"300\" height=\"300\" src=\"https:\/\/bijuden.com\/wp-content\/uploads\/2024\/04\/1-Gumus-Kaplama-Hareketli-Kalpli-Set-300x300.png\" class=\"secondary-product-image attachment-woocommerce_thumbnail attachment-shop-catalog wp-post-image wp-post-image--secondary\" alt=\"\" title=\"1 G\u00fcm\u00fc\u015f Kaplama &#8211; Hareketli Kalpli Set\" srcset=\"https:\/\/bijuden.com\/wp-content\/uploads\/2024\/04\/1-Gumus-Kaplama-Hareketli-Kalpli-Set-300x300.png 300w, https:\/\/bijuden.com\/wp-content\/uploads\/2024\/04\/1-Gumus-Kaplama-Hareketli-Kalpli-Set-1024x1024.png 1024w, https:\/\/bijuden.com\/wp-content\/uploads\/2024\/04\/1-Gumus-Kaplama-Hareketli-Kalpli-Set-150x150.png 150w, https:\/\/bijuden.com\/wp-content\/uploads\/2024\/04\/1-Gumus-Kaplama-Hareketli-Kalpli-Set-768x768.png 768w, https:\/\/bijuden.com\/wp-content\/uploads\/2024\/04\/1-Gumus-Kaplama-Hareketli-Kalpli-Set-1536x1536.png 1536w, https:\/\/bijuden.com\/wp-content\/uploads\/2024\/04\/1-Gumus-Kaplama-Hareketli-Kalpli-Set-600x600.png 600w, https:\/\/bijuden.com\/wp-content\/uploads\/2024\/04\/1-Gumus-Kaplama-Hareketli-Kalpli-Set-100x100.png 100w, https:\/\/bijuden.com\/wp-content\/uploads\/2024\/04\/1-Gumus-Kaplama-Hareketli-Kalpli-Set.png 2000w\" sizes=\"(max-width: 300px) 100vw, 300px\" \/>\n\t\t\t\t<\/a><div class=\"wc-block-grid__product-onsale\">\n\t\t\t<span aria-hidden=\"true\">\u0130ndirim<\/span>\n\t\t\t<span class=\"screen-reader-text\">\u0130ndirimdeki \u00fcr\u00fcn<\/span>\n\t\t<\/div>\n\t\t\t\t<div class=\"product-details content-bg entry-content-wrap\">\n\t\t\t\t\t<a href=\"https:\/\/bijuden.com\/index.php\/urun\/donen-gul-taki-kutusu-hareketli-kanatli-prenses-kolye-ve-ciddi-iliski-yuzugu-seti-gumus-renk\/\" class=\"wc-block-grid__product-title-link\">\n\t\t\t\t\t\t<div class=\"wc-block-grid__product-title\">D\u00f6nen G\u00fcl Tak\u0131 Kutusu + Hareketli Kanatl\u0131 Prenses Kolye ve Ciddi \u0130li\u015fki Y\u00fcz\u00fc\u011f\u00fc Seti G\u00fcm\u00fc\u015f Renk<\/div>\n\t\t\t\t\t<\/a>\n\t\t\t\t\t\n\t\t\t\t\t<div class=\"wc-block-grid__product-price price\"><del aria-hidden=\"true\"><span class=\"woocommerce-Price-amount amount\">1300&nbsp;<span class=\"woocommerce-Price-currencySymbol\">&#8378;<\/span><\/span><\/del> <span class=\"screen-reader-text\">Orijinal fiyat: 1300&nbsp;&#8378;.<\/span><ins aria-hidden=\"true\"><span class=\"woocommerce-Price-amount amount\">790&nbsp;<span class=\"woocommerce-Price-currencySymbol\">&#8378;<\/span><\/span><\/ins><span class=\"screen-reader-text\">\u015eu andaki fiyat: 790&nbsp;&#8378;.<\/span><\/div>\n\t\t\t\t\t<div class=\"wp-block-button wc-block-grid__product-add-to-cart\"><a href=\"https:\/\/bijuden.com\/index.php\/urun\/donen-gul-taki-kutusu-hareketli-kanatli-prenses-kolye-ve-ciddi-iliski-yuzugu-seti-gumus-renk\/\" aria-label=\"&ldquo;D\u00f6nen G\u00fcl Tak\u0131 Kutusu + Hareketli Kanatl\u0131 Prenses Kolye ve Ciddi \u0130li\u015fki Y\u00fcz\u00fc\u011f\u00fc Seti G\u00fcm\u00fc\u015f Renk&rdquo; hakk\u0131nda daha fazla bilgi edinin\" data-quantity=\"1\" data-product_id=\"737\" data-product_sku=\"\" rel=\"nofollow\" class=\"wp-block-button__link add_to_cart_button\">Devam\u0131n\u0131 oku<span class=\"kadence-svg-iconset svg-baseline\"><svg class=\"kadence-svg-icon kadence-spinner-svg\" fill=\"currentColor\" version=\"1.1\" xmlns=\"http:\/\/www.w3.org\/2000\/svg\" width=\"16\" height=\"16\" viewBox=\"0 0 16 16\"><title>Loading<\/title><path d=\"M16 6h-6l2.243-2.243c-1.133-1.133-2.64-1.757-4.243-1.757s-3.109 0.624-4.243 1.757c-1.133 1.133-1.757 2.64-1.757 4.243s0.624 3.109 1.757 4.243c1.133 1.133 2.64 1.757 4.243 1.757s3.109-0.624 4.243-1.757c0.095-0.095 0.185-0.192 0.273-0.292l1.505 1.317c-1.466 1.674-3.62 2.732-6.020 2.732-4.418 0-8-3.582-8-8s3.582-8 8-8c2.209 0 4.209 0.896 5.656 2.344l2.343-2.344v6z\"><\/path>\n\t\t\t\t<\/svg><\/span><span class=\"kadence-svg-iconset svg-baseline\"><svg class=\"kadence-svg-icon kadence-check-svg\" fill=\"currentColor\" version=\"1.1\" xmlns=\"http:\/\/www.w3.org\/2000\/svg\" width=\"16\" height=\"16\" viewBox=\"0 0 16 16\"><title>Done<\/title><path d=\"M14 2.5l-8.5 8.5-3.5-3.5-1.5 1.5 5 5 10-10z\"><\/path>\n\t\t\t\t<\/svg><\/span><\/a><\/div>\n\t\t\t\t<\/div>\n\t\t\t<\/li><li class=\"wc-block-grid__product entry loop-entry content-bg woo-archive-action-visible woo-archive-btn-button product-loop-unboxed woo-archive-image-hover-zoom\"><a href=\"https:\/\/bijuden.com\/index.php\/urun\/donen-gul-taki-kutusu-pandora-saf-guzellik-seti-gumus-safligi\/\" class=\"wc-block-grid__product-link woocommerce-loop-image-link woocommerce-LoopProduct-link woocommerce-loop-product__link product-has-hover-image\">\n\t\t\t\t\t<img loading=\"lazy\" decoding=\"async\" width=\"300\" height=\"300\" src=\"https:\/\/bijuden.com\/wp-content\/uploads\/2024\/04\/3-beyaz-set-300x300.png\" class=\"attachment-woocommerce_thumbnail size-woocommerce_thumbnail\" alt=\"D\u00f6nen G\u00fcl Tak\u0131 Kutusu + Pandora Saf G\u00fczellik Seti, G\u00fcm\u00fc\u015f Safl\u0131\u011f\u0131\" srcset=\"https:\/\/bijuden.com\/wp-content\/uploads\/2024\/04\/3-beyaz-set-300x300.png 300w, https:\/\/bijuden.com\/wp-content\/uploads\/2024\/04\/3-beyaz-set-1024x1024.png 1024w, https:\/\/bijuden.com\/wp-content\/uploads\/2024\/04\/3-beyaz-set-150x150.png 150w, https:\/\/bijuden.com\/wp-content\/uploads\/2024\/04\/3-beyaz-set-768x768.png 768w, https:\/\/bijuden.com\/wp-content\/uploads\/2024\/04\/3-beyaz-set-1536x1536.png 1536w, https:\/\/bijuden.com\/wp-content\/uploads\/2024\/04\/3-beyaz-set-600x600.png 600w, https:\/\/bijuden.com\/wp-content\/uploads\/2024\/04\/3-beyaz-set-100x100.png 100w, https:\/\/bijuden.com\/wp-content\/uploads\/2024\/04\/3-beyaz-set.png 2000w\" sizes=\"(max-width: 300px) 100vw, 300px\" \/>\n\t\t\t\t\t<img loading=\"lazy\" decoding=\"async\" width=\"300\" height=\"300\" src=\"https:\/\/bijuden.com\/wp-content\/uploads\/2024\/04\/Screenshot_12-300x300.png\" class=\"secondary-product-image attachment-woocommerce_thumbnail attachment-shop-catalog wp-post-image wp-post-image--secondary\" alt=\"\" title=\"Screenshot_12\" srcset=\"https:\/\/bijuden.com\/wp-content\/uploads\/2024\/04\/Screenshot_12-300x300.png 300w, https:\/\/bijuden.com\/wp-content\/uploads\/2024\/04\/Screenshot_12-150x150.png 150w, https:\/\/bijuden.com\/wp-content\/uploads\/2024\/04\/Screenshot_12-100x100.png 100w, https:\/\/bijuden.com\/wp-content\/uploads\/2024\/04\/Screenshot_12.png 540w\" sizes=\"(max-width: 300px) 100vw, 300px\" \/>\n\t\t\t\t<\/a><div class=\"wc-block-grid__product-onsale\">\n\t\t\t<span aria-hidden=\"true\">\u0130ndirim<\/span>\n\t\t\t<span class=\"screen-reader-text\">\u0130ndirimdeki \u00fcr\u00fcn<\/span>\n\t\t<\/div>\n\t\t\t\t<div class=\"product-details content-bg entry-content-wrap\">\n\t\t\t\t\t<a href=\"https:\/\/bijuden.com\/index.php\/urun\/donen-gul-taki-kutusu-pandora-saf-guzellik-seti-gumus-safligi\/\" class=\"wc-block-grid__product-title-link\">\n\t\t\t\t\t\t<div class=\"wc-block-grid__product-title\">D\u00f6nen G\u00fcl Tak\u0131 Kutusu + Pandora Saf G\u00fczellik Seti, G\u00fcm\u00fc\u015f Safl\u0131\u011f\u0131<\/div>\n\t\t\t\t\t<\/a>\n\t\t\t\t\t\n\t\t\t\t\t<div class=\"wc-block-grid__product-price price\"><del aria-hidden=\"true\"><span class=\"woocommerce-Price-amount amount\">1300&nbsp;<span class=\"woocommerce-Price-currencySymbol\">&#8378;<\/span><\/span><\/del> <span class=\"screen-reader-text\">Orijinal fiyat: 1300&nbsp;&#8378;.<\/span><ins aria-hidden=\"true\"><span class=\"woocommerce-Price-amount amount\">790&nbsp;<span class=\"woocommerce-Price-currencySymbol\">&#8378;<\/span><\/span><\/ins><span class=\"screen-reader-text\">\u015eu andaki fiyat: 790&nbsp;&#8378;.<\/span><\/div>\n\t\t\t\t\t<div class=\"wp-block-button wc-block-grid__product-add-to-cart\"><a href=\"https:\/\/bijuden.com\/index.php\/urun\/donen-gul-taki-kutusu-pandora-saf-guzellik-seti-gumus-safligi\/\" aria-label=\"&ldquo;D\u00f6nen G\u00fcl Tak\u0131 Kutusu + Pandora Saf G\u00fczellik Seti, G\u00fcm\u00fc\u015f Safl\u0131\u011f\u0131&rdquo; hakk\u0131nda daha fazla bilgi edinin\" data-quantity=\"1\" data-product_id=\"736\" data-product_sku=\"\" rel=\"nofollow\" class=\"wp-block-button__link add_to_cart_button\">Devam\u0131n\u0131 oku<span class=\"kadence-svg-iconset svg-baseline\"><svg class=\"kadence-svg-icon kadence-spinner-svg\" fill=\"currentColor\" version=\"1.1\" xmlns=\"http:\/\/www.w3.org\/2000\/svg\" width=\"16\" height=\"16\" viewBox=\"0 0 16 16\"><title>Loading<\/title><path d=\"M16 6h-6l2.243-2.243c-1.133-1.133-2.64-1.757-4.243-1.757s-3.109 0.624-4.243 1.757c-1.133 1.133-1.757 2.64-1.757 4.243s0.624 3.109 1.757 4.243c1.133 1.133 2.64 1.757 4.243 1.757s3.109-0.624 4.243-1.757c0.095-0.095 0.185-0.192 0.273-0.292l1.505 1.317c-1.466 1.674-3.62 2.732-6.020 2.732-4.418 0-8-3.582-8-8s3.582-8 8-8c2.209 0 4.209 0.896 5.656 2.344l2.343-2.344v6z\"><\/path>\n\t\t\t\t<\/svg><\/span><span class=\"kadence-svg-iconset svg-baseline\"><svg class=\"kadence-svg-icon kadence-check-svg\" fill=\"currentColor\" version=\"1.1\" xmlns=\"http:\/\/www.w3.org\/2000\/svg\" width=\"16\" height=\"16\" viewBox=\"0 0 16 16\"><title>Done<\/title><path d=\"M14 2.5l-8.5 8.5-3.5-3.5-1.5 1.5 5 5 10-10z\"><\/path>\n\t\t\t\t<\/svg><\/span><\/a><\/div>\n\t\t\t\t<\/div>\n\t\t\t<\/li><li class=\"wc-block-grid__product entry loop-entry content-bg woo-archive-action-visible woo-archive-btn-button product-loop-unboxed woo-archive-image-hover-zoom\"><a href=\"https:\/\/bijuden.com\/index.php\/urun\/donen-gul-kutusu-pandora-saf-guzellik-seti-altin-parlakligi\/\" class=\"wc-block-grid__product-link woocommerce-loop-image-link woocommerce-LoopProduct-link woocommerce-loop-product__link product-has-hover-image\">\n\t\t\t\t\t<img loading=\"lazy\" decoding=\"async\" width=\"300\" height=\"300\" src=\"https:\/\/bijuden.com\/wp-content\/uploads\/2024\/04\/4-altin-set-300x300.png\" class=\"attachment-woocommerce_thumbnail size-woocommerce_thumbnail\" alt=\"D\u00f6nen G\u00fcl Kutusu + Pandora Saf G\u00fczellik Seti, Alt\u0131n Parlakl\u0131\u011f\u0131\" srcset=\"https:\/\/bijuden.com\/wp-content\/uploads\/2024\/04\/4-altin-set-300x300.png 300w, https:\/\/bijuden.com\/wp-content\/uploads\/2024\/04\/4-altin-set-1024x1024.png 1024w, https:\/\/bijuden.com\/wp-content\/uploads\/2024\/04\/4-altin-set-150x150.png 150w, https:\/\/bijuden.com\/wp-content\/uploads\/2024\/04\/4-altin-set-768x768.png 768w, https:\/\/bijuden.com\/wp-content\/uploads\/2024\/04\/4-altin-set-1536x1536.png 1536w, https:\/\/bijuden.com\/wp-content\/uploads\/2024\/04\/4-altin-set-600x600.png 600w, https:\/\/bijuden.com\/wp-content\/uploads\/2024\/04\/4-altin-set-100x100.png 100w, https:\/\/bijuden.com\/wp-content\/uploads\/2024\/04\/4-altin-set.png 2000w\" sizes=\"(max-width: 300px) 100vw, 300px\" \/>\n\t\t\t\t\t<img loading=\"lazy\" decoding=\"async\" width=\"300\" height=\"300\" src=\"https:\/\/bijuden.com\/wp-content\/uploads\/2024\/03\/DonenKutu-Banner-1-300x300.png\" class=\"secondary-product-image attachment-woocommerce_thumbnail attachment-shop-catalog wp-post-image wp-post-image--secondary\" alt=\"\" title=\"D\u00f6nenKutu Banner 1\" srcset=\"https:\/\/bijuden.com\/wp-content\/uploads\/2024\/03\/DonenKutu-Banner-1-300x300.png 300w, https:\/\/bijuden.com\/wp-content\/uploads\/2024\/03\/DonenKutu-Banner-1-150x150.png 150w, https:\/\/bijuden.com\/wp-content\/uploads\/2024\/03\/DonenKutu-Banner-1-100x100.png 100w\" sizes=\"(max-width: 300px) 100vw, 300px\" \/>\n\t\t\t\t<\/a><div class=\"wc-block-grid__product-onsale\">\n\t\t\t<span aria-hidden=\"true\">\u0130ndirim<\/span>\n\t\t\t<span class=\"screen-reader-text\">\u0130ndirimdeki \u00fcr\u00fcn<\/span>\n\t\t<\/div>\n\t\t\t\t<div class=\"product-details content-bg entry-content-wrap\">\n\t\t\t\t\t<a href=\"https:\/\/bijuden.com\/index.php\/urun\/donen-gul-kutusu-pandora-saf-guzellik-seti-altin-parlakligi\/\" class=\"wc-block-grid__product-title-link\">\n\t\t\t\t\t\t<div class=\"wc-block-grid__product-title\">D\u00f6nen G\u00fcl Kutusu + Pandora Saf G\u00fczellik Seti, Alt\u0131n Parlakl\u0131\u011f\u0131<\/div>\n\t\t\t\t\t<\/a>\n\t\t\t\t\t\n\t\t\t\t\t<div class=\"wc-block-grid__product-price price\"><del aria-hidden=\"true\"><span class=\"woocommerce-Price-amount amount\">1300&nbsp;<span class=\"woocommerce-Price-currencySymbol\">&#8378;<\/span><\/span><\/del> <span class=\"screen-reader-text\">Orijinal fiyat: 1300&nbsp;&#8378;.<\/span><ins aria-hidden=\"true\"><span class=\"woocommerce-Price-amount amount\">790&nbsp;<span class=\"woocommerce-Price-currencySymbol\">&#8378;<\/span><\/span><\/ins><span class=\"screen-reader-text\">\u015eu andaki fiyat: 790&nbsp;&#8378;.<\/span><\/div>\n\t\t\t\t\t<div class=\"wp-block-button wc-block-grid__product-add-to-cart\"><a href=\"https:\/\/bijuden.com\/index.php\/urun\/donen-gul-kutusu-pandora-saf-guzellik-seti-altin-parlakligi\/\" aria-label=\"&ldquo;D\u00f6nen G\u00fcl Kutusu + Pandora Saf G\u00fczellik Seti, Alt\u0131n Parlakl\u0131\u011f\u0131&rdquo; hakk\u0131nda daha fazla bilgi edinin\" data-quantity=\"1\" data-product_id=\"731\" data-product_sku=\"\" rel=\"nofollow\" class=\"wp-block-button__link add_to_cart_button\">Devam\u0131n\u0131 oku<span class=\"kadence-svg-iconset svg-baseline\"><svg class=\"kadence-svg-icon kadence-spinner-svg\" fill=\"currentColor\" version=\"1.1\" xmlns=\"http:\/\/www.w3.org\/2000\/svg\" width=\"16\" height=\"16\" viewBox=\"0 0 16 16\"><title>Loading<\/title><path d=\"M16 6h-6l2.243-2.243c-1.133-1.133-2.64-1.757-4.243-1.757s-3.109 0.624-4.243 1.757c-1.133 1.133-1.757 2.64-1.757 4.243s0.624 3.109 1.757 4.243c1.133 1.133 2.64 1.757 4.243 1.757s3.109-0.624 4.243-1.757c0.095-0.095 0.185-0.192 0.273-0.292l1.505 1.317c-1.466 1.674-3.62 2.732-6.020 2.732-4.418 0-8-3.582-8-8s3.582-8 8-8c2.209 0 4.209 0.896 5.656 2.344l2.343-2.344v6z\"><\/path>\n\t\t\t\t<\/svg><\/span><span class=\"kadence-svg-iconset svg-baseline\"><svg class=\"kadence-svg-icon kadence-check-svg\" fill=\"currentColor\" version=\"1.1\" xmlns=\"http:\/\/www.w3.org\/2000\/svg\" width=\"16\" height=\"16\" viewBox=\"0 0 16 16\"><title>Done<\/title><path d=\"M14 2.5l-8.5 8.5-3.5-3.5-1.5 1.5 5 5 10-10z\"><\/path>\n\t\t\t\t<\/svg><\/span><\/a><\/div>\n\t\t\t\t<\/div>\n\t\t\t<\/li><\/ul><\/div><\/div>\n<\/div>\n","protected":false},"excerpt":{"rendered":"","protected":false},"author":1,"featured_media":0,"parent":0,"menu_order":0,"comment_status":"closed","ping_status":"closed","template":"","meta":{"_kad_post_transparent":"","_kad_post_title":"","_kad_post_layout":"","_kad_post_sidebar_id":"","_kad_post_content_style":"","_kad_post_vertical_padding":"","_kad_post_feature":"","_kad_post_feature_position":"","_kad_post_header":false,"_kad_post_footer":false,"footnotes":""},"class_list":["post-16","page","type-page","status-publish","hentry"],"_links":{"self":[{"href":"https:\/\/bijuden.com\/index.php\/wp-json\/wp\/v2\/pages\/16","targetHints":{"allow":["GET"]}}],"collection":[{"href":"https:\/\/bijuden.com\/index.php\/wp-json\/wp\/v2\/pages"}],"about":[{"href":"https:\/\/bijuden.com\/index.php\/wp-json\/wp\/v2\/types\/page"}],"author":[{"embeddable":true,"href":"https:\/\/bijuden.com\/index.php\/wp-json\/wp\/v2\/users\/1"}],"replies":[{"embeddable":true,"href":"https:\/\/bijuden.com\/index.php\/wp-json\/wp\/v2\/comments?post=16"}],"version-history":[{"count":1,"href":"https:\/\/bijuden.com\/index.php\/wp-json\/wp\/v2\/pages\/16\/revisions"}],"predecessor-version":[{"id":569,"href":"https:\/\/bijuden.com\/index.php\/wp-json\/wp\/v2\/pages\/16\/revisions\/569"}],"wp:attachment":[{"href":"https:\/\/bijuden.com\/index.php\/wp-json\/wp\/v2\/media?parent=16"}],"curies":[{"name":"wp","href":"https:\/\/api.w.org\/{rel}","templated":true}]}}