{"id":19,"date":"2024-04-09T00:55:16","date_gmt":"2024-04-08T21:55:16","guid":{"rendered":"https:\/\/bijuden.com\/?page_id=19"},"modified":"2024-04-09T00:55:16","modified_gmt":"2024-04-08T21:55:16","slug":"iade_politikasi","status":"publish","type":"page","link":"https:\/\/bijuden.com\/index.php\/iade_politikasi\/","title":{"rendered":"Geri \u00d6deme ve \u0130ade Politikas\u0131"},"content":{"rendered":"\n<p class=\"has-text-align-center\"><strong>\u0130ade \u00f6ncesi Whatsapp Hatt\u0131m\u0131zdan bildirim yap\u0131lmayan iadeler Kesinlikle kabul edilmeyecektir! Geri \u00d6deme Yap\u0131lmayacakt\u0131r<\/strong>!<\/p>\n\n\n\n<p><strong>\u00dcr\u00fcn \u0130ade S\u00fcresi:<\/strong> \u00dcr\u00fcn\u00fc teslim ald\u0131\u011f\u0131n\u0131z tarihten itibaren 14 g\u00fcn i\u00e7inde iade etmelisiniz.<\/p>\n\n\n\n<p><strong>\u0130ade Ko\u015fullar\u0131:<\/strong><\/p>\n\n\n\n<ul class=\"wp-block-list\">\n<li>\u0130ade edilen \u00fcr\u00fcn\u00fcn kullan\u0131lmam\u0131\u015f, hasars\u0131z ve orijinal ambalaj\u0131nda olmas\u0131 gerekmektedir.<\/li>\n\n\n\n<li>\u00d6ncelikle whatsapp hatt\u0131m\u0131zdan \u00f6n onay almal\u0131s\u0131n\u0131z, size verilen iade kargo kodu ile kargonuzu g\u00f6ndermelisiniz.<\/li>\n\n\n\n<li>\u00dcr\u00fcn iadesi i\u00e7in fatura veya sipari\u015f numaras\u0131 gereklidir.<\/li>\n<\/ul>\n\n\n\n<p><strong>\u0130ade Prosed\u00fcr\u00fc:<\/strong> \u0130ade etmek istedi\u011finiz \u00fcr\u00fcn\u00fc size verilen iade kargo kodu ile adresimize g\u00f6nderdikten sonra i\u015fleminiz ba\u015flamaktad\u0131r. \u0130ade i\u015flemi, \u00fcr\u00fcn\u00fcn kontrol\u00fc ve uygun bulunmas\u0131 durumunda 5 i\u015f g\u00fcn\u00fc i\u00e7inde ger\u00e7ekle\u015ftirilecektir.<\/p>\n\n\n\n<p><strong>\u0130ade Adresi:<\/strong> E-Depo Adresimizin kodunu Whatsapp hatt\u0131m\u0131z \u00fczerinden talep edebilirsiniz.<\/p>\n\n\n\n<p><strong>\u0130leti\u015fim:<\/strong> \u0130ade ile ilgili daha fazla bilgi almak veya sorular\u0131n\u0131z\u0131 sormak i\u00e7in Whatsapp <a href=\"https:\/\/api.whatsapp.com\/send?phone=905367896469\">+90536 789 64 69<\/a> \u00fczerinden bizimle ileti\u015fime ge\u00e7ebilirsiniz.<\/p>\n\n\n\n<ol class=\"wp-block-list\"><\/ol>\n","protected":false},"excerpt":{"rendered":"<p>\u0130ade \u00f6ncesi Whatsapp Hatt\u0131m\u0131zdan bildirim yap\u0131lmayan iadeler Kesinlikle kabul edilmeyecektir! Geri \u00d6deme Yap\u0131lmayacakt\u0131r! \u00dcr\u00fcn \u0130ade S\u00fcresi: \u00dcr\u00fcn\u00fc teslim ald\u0131\u011f\u0131n\u0131z tarihten itibaren 14 g\u00fcn i\u00e7inde iade etmelisiniz. \u0130ade Ko\u015fullar\u0131: \u0130ade Prosed\u00fcr\u00fc: \u0130ade etmek istedi\u011finiz \u00fcr\u00fcn\u00fc size verilen iade kargo kodu ile adresimize g\u00f6nderdikten sonra i\u015fleminiz ba\u015flamaktad\u0131r. \u0130ade i\u015flemi, \u00fcr\u00fcn\u00fcn kontrol\u00fc ve uygun bulunmas\u0131 durumunda 5 i\u015f&#8230;<\/p>\n","protected":false},"author":1,"featured_media":0,"parent":0,"menu_order":0,"comment_status":"closed","ping_status":"closed","template":"","meta":{"_kad_post_transparent":"","_kad_post_title":"","_kad_post_layout":"","_kad_post_sidebar_id":"","_kad_post_content_style":"","_kad_post_vertical_padding":"","_kad_post_feature":"","_kad_post_feature_position":"","_kad_post_header":false,"_kad_post_footer":false,"footnotes":""},"class_list":["post-19","page","type-page","status-publish","hentry"],"_links":{"self":[{"href":"https:\/\/bijuden.com\/index.php\/wp-json\/wp\/v2\/pages\/19","targetHints":{"allow":["GET"]}}],"collection":[{"href":"https:\/\/bijuden.com\/index.php\/wp-json\/wp\/v2\/pages"}],"about":[{"href":"https:\/\/bijuden.com\/index.php\/wp-json\/wp\/v2\/types\/page"}],"author":[{"embeddable":true,"href":"https:\/\/bijuden.com\/index.php\/wp-json\/wp\/v2\/users\/1"}],"replies":[{"embeddable":true,"href":"https:\/\/bijuden.com\/index.php\/wp-json\/wp\/v2\/comments?post=19"}],"version-history":[{"count":1,"href":"https:\/\/bijuden.com\/index.php\/wp-json\/wp\/v2\/pages\/19\/revisions"}],"predecessor-version":[{"id":542,"href":"https:\/\/bijuden.com\/index.php\/wp-json\/wp\/v2\/pages\/19\/revisions\/542"}],"wp:attachment":[{"href":"https:\/\/bijuden.com\/index.php\/wp-json\/wp\/v2\/media?parent=19"}],"curies":[{"name":"wp","href":"https:\/\/api.w.org\/{rel}","templated":true}]}}