{"id":422,"date":"2024-04-02T00:23:47","date_gmt":"2024-04-01T21:23:47","guid":{"rendered":"https:\/\/bijuden.com\/?post_type=product&#038;p=422"},"modified":"2025-01-31T17:40:49","modified_gmt":"2025-01-31T14:40:49","slug":"gold-renk-ceyrek-ve-yarima-uyumlu-fanus-model-burma-zincirli-316l-celik-kolye-acilir-model","status":"publish","type":"product","link":"https:\/\/bijuden.com\/index.php\/urun\/gold-renk-ceyrek-ve-yarima-uyumlu-fanus-model-burma-zincirli-316l-celik-kolye-acilir-model\/","title":{"rendered":"Gold Renk \u00c7eyrek ve Yar\u0131ma Uyumlu Fanus Model Burma Zincirli 316L \u00c7elik Kolye (A\u00e7\u0131l\u0131r Model)"},"content":{"rendered":"<ul>\n<li>A\u00e7\u0131l\u0131r Model<\/li>\n<li>\u00c7eyrek ve Yar\u0131ma Uyumlu<\/li>\n<li>Fanus Model<\/li>\n<li>Burma Zincirli<\/li>\n<li>\u00c7elik Kolye<\/li>\n<li>Gold Renk<\/li>\n<\/ul>\n","protected":false},"excerpt":{"rendered":"<p>A\u00e7\u0131l\u0131r Model \u00c7eyrek ve Yar\u0131ma Uyumlu Fanus Model Burma Zincirli \u00c7elik Kolye Gold Renk<\/p>\n","protected":false},"featured_media":426,"comment_status":"open","ping_status":"closed","template":"","meta":{"_kad_post_transparent":"default","_kad_post_title":"","_kad_post_layout":"default","_kad_post_sidebar_id":"","_kad_post_content_style":"default","_kad_post_vertical_padding":"default","_kad_post_feature":"","_kad_post_feature_position":"","_kad_post_header":false,"_kad_post_footer":false},"product_brand":[],"product_cat":[16],"product_tag":[27,26,28,30,29],"class_list":{"0":"post-422","1":"product","2":"type-product","3":"status-publish","4":"has-post-thumbnail","6":"product_cat-kolyeler","7":"product_tag-acilir-kolye","8":"product_tag-celik-kolye","9":"product_tag-ceyrek-kolye","10":"product_tag-fanus-kolye","11":"product_tag-yarim-altin-kolye","13":"first","14":"outofstock","15":"sale","16":"taxable","17":"shipping-taxable","18":"purchasable","19":"product-type-simple","20":"entry","21":"content-bg","22":"loop-entry"},"_links":{"self":[{"href":"https:\/\/bijuden.com\/index.php\/wp-json\/wp\/v2\/product\/422","targetHints":{"allow":["GET"]}}],"collection":[{"href":"https:\/\/bijuden.com\/index.php\/wp-json\/wp\/v2\/product"}],"about":[{"href":"https:\/\/bijuden.com\/index.php\/wp-json\/wp\/v2\/types\/product"}],"replies":[{"embeddable":true,"href":"https:\/\/bijuden.com\/index.php\/wp-json\/wp\/v2\/comments?post=422"}],"wp:featuredmedia":[{"embeddable":true,"href":"https:\/\/bijuden.com\/index.php\/wp-json\/wp\/v2\/media\/426"}],"wp:attachment":[{"href":"https:\/\/bijuden.com\/index.php\/wp-json\/wp\/v2\/media?parent=422"}],"wp:term":[{"taxonomy":"product_brand","embeddable":true,"href":"https:\/\/bijuden.com\/index.php\/wp-json\/wp\/v2\/product_brand?post=422"},{"taxonomy":"product_cat","embeddable":true,"href":"https:\/\/bijuden.com\/index.php\/wp-json\/wp\/v2\/product_cat?post=422"},{"taxonomy":"product_tag","embeddable":true,"href":"https:\/\/bijuden.com\/index.php\/wp-json\/wp\/v2\/product_tag?post=422"}],"curies":[{"name":"wp","href":"https:\/\/api.w.org\/{rel}","templated":true}]}}