{"id":427,"date":"2024-04-02T00:24:38","date_gmt":"2024-04-01T21:24:38","guid":{"rendered":"https:\/\/bijuden.com\/?post_type=product&#038;p=427"},"modified":"2025-01-31T17:40:43","modified_gmt":"2025-01-31T14:40:43","slug":"gumus-renk-pembe-kalp-zirkon-tasli-pandora-model-316l-celik-kolye","status":"publish","type":"product","link":"https:\/\/bijuden.com\/index.php\/urun\/gumus-renk-pembe-kalp-zirkon-tasli-pandora-model-316l-celik-kolye\/","title":{"rendered":"G\u00fcm\u00fc\u015f Renk Pembe Kalp Zirkon Ta\u015fl\u0131 Pandora Model 316L \u00c7elik Kolye"},"content":{"rendered":"<ul>\n<li>Pembe Kalp<\/li>\n<li>Zirkon Ta\u015fl\u0131 Pandora Model<\/li>\n<li>G\u00fcm\u00fc\u015f Renk<\/li>\n<li>316L \u00c7elik Kolye<\/li>\n<\/ul>\n","protected":false},"excerpt":{"rendered":"<p>Pembe Kalp Zirkon Ta\u015fl\u0131 Pandora Model G\u00fcm\u00fc\u015f Renk 316L \u00c7elik Kolye<\/p>\n","protected":false},"featured_media":430,"comment_status":"open","ping_status":"closed","template":"","meta":{"_kad_post_transparent":"default","_kad_post_title":"","_kad_post_layout":"default","_kad_post_sidebar_id":"","_kad_post_content_style":"default","_kad_post_vertical_padding":"default","_kad_post_feature":"","_kad_post_feature_position":"","_kad_post_header":false,"_kad_post_footer":false},"product_brand":[],"product_cat":[16],"product_tag":[26,23,31],"class_list":{"0":"post-427","1":"product","2":"type-product","3":"status-publish","4":"has-post-thumbnail","6":"product_cat-kolyeler","7":"product_tag-celik-kolye","8":"product_tag-kalp-kolye","9":"product_tag-pandora-kolye","11":"first","12":"outofstock","13":"sale","14":"taxable","15":"shipping-taxable","16":"purchasable","17":"product-type-simple","18":"entry","19":"content-bg","20":"loop-entry"},"_links":{"self":[{"href":"https:\/\/bijuden.com\/index.php\/wp-json\/wp\/v2\/product\/427","targetHints":{"allow":["GET"]}}],"collection":[{"href":"https:\/\/bijuden.com\/index.php\/wp-json\/wp\/v2\/product"}],"about":[{"href":"https:\/\/bijuden.com\/index.php\/wp-json\/wp\/v2\/types\/product"}],"replies":[{"embeddable":true,"href":"https:\/\/bijuden.com\/index.php\/wp-json\/wp\/v2\/comments?post=427"}],"wp:featuredmedia":[{"embeddable":true,"href":"https:\/\/bijuden.com\/index.php\/wp-json\/wp\/v2\/media\/430"}],"wp:attachment":[{"href":"https:\/\/bijuden.com\/index.php\/wp-json\/wp\/v2\/media?parent=427"}],"wp:term":[{"taxonomy":"product_brand","embeddable":true,"href":"https:\/\/bijuden.com\/index.php\/wp-json\/wp\/v2\/product_brand?post=427"},{"taxonomy":"product_cat","embeddable":true,"href":"https:\/\/bijuden.com\/index.php\/wp-json\/wp\/v2\/product_cat?post=427"},{"taxonomy":"product_tag","embeddable":true,"href":"https:\/\/bijuden.com\/index.php\/wp-json\/wp\/v2\/product_tag?post=427"}],"curies":[{"name":"wp","href":"https:\/\/api.w.org\/{rel}","templated":true}]}}