{"id":431,"date":"2024-04-02T00:28:21","date_gmt":"2024-04-01T21:28:21","guid":{"rendered":"https:\/\/bijuden.com\/?post_type=product&#038;p=431"},"modified":"2025-01-31T17:40:37","modified_gmt":"2025-01-31T14:40:37","slug":"gold-renk-pembe-kalp-zirkon-tasli-yildizli-model-316l-celik-kolye","status":"publish","type":"product","link":"https:\/\/bijuden.com\/index.php\/urun\/gold-renk-pembe-kalp-zirkon-tasli-yildizli-model-316l-celik-kolye\/","title":{"rendered":"Gold Renk Pembe Kalp Zirkon Ta\u015fl\u0131 Y\u0131ld\u0131zl\u0131 Model 316L \u00c7elik Kolye"},"content":{"rendered":"<ul>\n<li>Pembe Kalp<\/li>\n<li>Zirkon Ta\u015fl\u0131 Pandora Model<\/li>\n<li>Gold Renk<\/li>\n<li>316L \u00c7elik Kolye<\/li>\n<\/ul>\n","protected":false},"excerpt":{"rendered":"<p>Pembe Kalp Zirkon Ta\u015fl\u0131 Pandora Model Gold Renk 316L \u00c7elik Kolye<\/p>\n","protected":false},"featured_media":434,"comment_status":"open","ping_status":"closed","template":"","meta":{"_kad_post_transparent":"default","_kad_post_title":"","_kad_post_layout":"default","_kad_post_sidebar_id":"","_kad_post_content_style":"default","_kad_post_vertical_padding":"default","_kad_post_feature":"","_kad_post_feature_position":"","_kad_post_header":false,"_kad_post_footer":false},"product_brand":[],"product_cat":[16],"product_tag":[26,23,31,34,32,33],"class_list":{"0":"post-431","1":"product","2":"type-product","3":"status-publish","4":"has-post-thumbnail","6":"product_cat-kolyeler","7":"product_tag-celik-kolye","8":"product_tag-kalp-kolye","9":"product_tag-pandora-kolye","10":"product_tag-pembe-tasli-kolye","11":"product_tag-yildizli-kalp","12":"product_tag-zirkon-tas","14":"first","15":"outofstock","16":"sale","17":"taxable","18":"shipping-taxable","19":"purchasable","20":"product-type-simple","21":"entry","22":"content-bg","23":"loop-entry"},"_links":{"self":[{"href":"https:\/\/bijuden.com\/index.php\/wp-json\/wp\/v2\/product\/431","targetHints":{"allow":["GET"]}}],"collection":[{"href":"https:\/\/bijuden.com\/index.php\/wp-json\/wp\/v2\/product"}],"about":[{"href":"https:\/\/bijuden.com\/index.php\/wp-json\/wp\/v2\/types\/product"}],"replies":[{"embeddable":true,"href":"https:\/\/bijuden.com\/index.php\/wp-json\/wp\/v2\/comments?post=431"}],"wp:featuredmedia":[{"embeddable":true,"href":"https:\/\/bijuden.com\/index.php\/wp-json\/wp\/v2\/media\/434"}],"wp:attachment":[{"href":"https:\/\/bijuden.com\/index.php\/wp-json\/wp\/v2\/media?parent=431"}],"wp:term":[{"taxonomy":"product_brand","embeddable":true,"href":"https:\/\/bijuden.com\/index.php\/wp-json\/wp\/v2\/product_brand?post=431"},{"taxonomy":"product_cat","embeddable":true,"href":"https:\/\/bijuden.com\/index.php\/wp-json\/wp\/v2\/product_cat?post=431"},{"taxonomy":"product_tag","embeddable":true,"href":"https:\/\/bijuden.com\/index.php\/wp-json\/wp\/v2\/product_tag?post=431"}],"curies":[{"name":"wp","href":"https:\/\/api.w.org\/{rel}","templated":true}]}}