{"id":462,"date":"2024-04-02T00:39:46","date_gmt":"2024-04-01T21:39:46","guid":{"rendered":"https:\/\/bijuden.com\/?post_type=product&#038;p=462"},"modified":"2025-01-31T17:40:27","modified_gmt":"2025-01-31T14:40:27","slug":"gold-renk-kanatli-pembe-kalp-zirkon-tasli-hareketli-model-316l-celik-kolye-kopya","status":"publish","type":"product","link":"https:\/\/bijuden.com\/index.php\/urun\/gold-renk-kanatli-pembe-kalp-zirkon-tasli-hareketli-model-316l-celik-kolye-kopya\/","title":{"rendered":"Gold Renk Kanatl\u0131 Pembe Kalp Zirkon Ta\u015fl\u0131 Hareketli Model 316L \u00c7elik Kolye"},"content":{"rendered":"<ul>\n<li>Kanatl\u0131 Pembe Kalp<\/li>\n<li>Zirkon Ta\u015fl\u0131 Hareketli Model<\/li>\n<li>Gold Renk<\/li>\n<li>316L \u00c7elik Kolye<\/li>\n<\/ul>\n","protected":false},"excerpt":{"rendered":"<p>Kanatl\u0131 Pembe Kalp Zirkon Ta\u015fl\u0131 Hareketli Model Gold Renk 316L \u00c7elik Kolye<\/p>\n","protected":false},"featured_media":456,"comment_status":"open","ping_status":"closed","template":"","meta":{"_kad_post_transparent":"default","_kad_post_title":"","_kad_post_layout":"default","_kad_post_sidebar_id":"","_kad_post_content_style":"default","_kad_post_vertical_padding":"default","_kad_post_feature":"","_kad_post_feature_position":"","_kad_post_header":false,"_kad_post_footer":false},"product_brand":[],"product_cat":[16],"product_tag":[26,35,23,24,31,34,33],"class_list":{"0":"post-462","1":"product","2":"type-product","3":"status-publish","4":"has-post-thumbnail","6":"product_cat-kolyeler","7":"product_tag-celik-kolye","8":"product_tag-hareket-eden-kanatli-kolye","9":"product_tag-kalp-kolye","10":"product_tag-kanatli-kolye","11":"product_tag-pandora-kolye","12":"product_tag-pembe-tasli-kolye","13":"product_tag-zirkon-tas","15":"first","16":"outofstock","17":"sale","18":"taxable","19":"shipping-taxable","20":"purchasable","21":"product-type-simple","22":"entry","23":"content-bg","24":"loop-entry"},"_links":{"self":[{"href":"https:\/\/bijuden.com\/index.php\/wp-json\/wp\/v2\/product\/462","targetHints":{"allow":["GET"]}}],"collection":[{"href":"https:\/\/bijuden.com\/index.php\/wp-json\/wp\/v2\/product"}],"about":[{"href":"https:\/\/bijuden.com\/index.php\/wp-json\/wp\/v2\/types\/product"}],"replies":[{"embeddable":true,"href":"https:\/\/bijuden.com\/index.php\/wp-json\/wp\/v2\/comments?post=462"}],"wp:featuredmedia":[{"embeddable":true,"href":"https:\/\/bijuden.com\/index.php\/wp-json\/wp\/v2\/media\/456"}],"wp:attachment":[{"href":"https:\/\/bijuden.com\/index.php\/wp-json\/wp\/v2\/media?parent=462"}],"wp:term":[{"taxonomy":"product_brand","embeddable":true,"href":"https:\/\/bijuden.com\/index.php\/wp-json\/wp\/v2\/product_brand?post=462"},{"taxonomy":"product_cat","embeddable":true,"href":"https:\/\/bijuden.com\/index.php\/wp-json\/wp\/v2\/product_cat?post=462"},{"taxonomy":"product_tag","embeddable":true,"href":"https:\/\/bijuden.com\/index.php\/wp-json\/wp\/v2\/product_tag?post=462"}],"curies":[{"name":"wp","href":"https:\/\/api.w.org\/{rel}","templated":true}]}}