{"id":463,"date":"2024-04-02T00:41:26","date_gmt":"2024-04-01T21:41:26","guid":{"rendered":"https:\/\/bijuden.com\/?post_type=product&#038;p=463"},"modified":"2025-01-31T17:40:22","modified_gmt":"2025-01-31T14:40:22","slug":"gumus-renk-zirkon-tektas-model-pirinc-yuzuk-ayarlanabilir","status":"publish","type":"product","link":"https:\/\/bijuden.com\/index.php\/urun\/gumus-renk-zirkon-tektas-model-pirinc-yuzuk-ayarlanabilir\/","title":{"rendered":"G\u00fcm\u00fc\u015f Renk Zirkon Tekta\u015f Model Pirin\u00e7 Y\u00fcz\u00fck &#8211; Ayarlanabilir"},"content":{"rendered":"<ul>\n<li>G\u00fcm\u00fc\u015f Renk<\/li>\n<li>Ayarlanabilir<\/li>\n<li>Pirin\u00e7 Y\u00fcz\u00fck<\/li>\n<li>Zirkon Tekta\u015f Model<\/li>\n<\/ul>\n","protected":false},"excerpt":{"rendered":"<p>G\u00fcm\u00fc\u015f Renk Ayarlanabilir Pirin\u00e7 Y\u00fcz\u00fck Zirkon Tekta\u015f Model<\/p>\n","protected":false},"featured_media":435,"comment_status":"open","ping_status":"closed","template":"","meta":{"_kad_post_transparent":"default","_kad_post_title":"","_kad_post_layout":"default","_kad_post_sidebar_id":"","_kad_post_content_style":"default","_kad_post_vertical_padding":"default","_kad_post_feature":"","_kad_post_feature_position":"","_kad_post_header":false,"_kad_post_footer":false},"product_brand":[],"product_cat":[18],"product_tag":[38,36,37],"class_list":{"0":"post-463","1":"product","2":"type-product","3":"status-publish","4":"has-post-thumbnail","6":"product_cat-yuzukler","7":"product_tag-gumus-tektas","8":"product_tag-tektas","9":"product_tag-tektas-yuzuk","11":"first","12":"outofstock","13":"sale","14":"taxable","15":"shipping-taxable","16":"purchasable","17":"product-type-simple","18":"entry","19":"content-bg","20":"loop-entry"},"_links":{"self":[{"href":"https:\/\/bijuden.com\/index.php\/wp-json\/wp\/v2\/product\/463","targetHints":{"allow":["GET"]}}],"collection":[{"href":"https:\/\/bijuden.com\/index.php\/wp-json\/wp\/v2\/product"}],"about":[{"href":"https:\/\/bijuden.com\/index.php\/wp-json\/wp\/v2\/types\/product"}],"replies":[{"embeddable":true,"href":"https:\/\/bijuden.com\/index.php\/wp-json\/wp\/v2\/comments?post=463"}],"wp:featuredmedia":[{"embeddable":true,"href":"https:\/\/bijuden.com\/index.php\/wp-json\/wp\/v2\/media\/435"}],"wp:attachment":[{"href":"https:\/\/bijuden.com\/index.php\/wp-json\/wp\/v2\/media?parent=463"}],"wp:term":[{"taxonomy":"product_brand","embeddable":true,"href":"https:\/\/bijuden.com\/index.php\/wp-json\/wp\/v2\/product_brand?post=463"},{"taxonomy":"product_cat","embeddable":true,"href":"https:\/\/bijuden.com\/index.php\/wp-json\/wp\/v2\/product_cat?post=463"},{"taxonomy":"product_tag","embeddable":true,"href":"https:\/\/bijuden.com\/index.php\/wp-json\/wp\/v2\/product_tag?post=463"}],"curies":[{"name":"wp","href":"https:\/\/api.w.org\/{rel}","templated":true}]}}