{"id":465,"date":"2024-04-02T00:43:49","date_gmt":"2024-04-01T21:43:49","guid":{"rendered":"https:\/\/bijuden.com\/?post_type=product&#038;p=465"},"modified":"2025-01-31T17:40:17","modified_gmt":"2025-01-31T14:40:17","slug":"gumus-renk-kalp-zirkon-tasli-pandora-model-pirinc-yuzuk-ayarlanabilir","status":"publish","type":"product","link":"https:\/\/bijuden.com\/index.php\/urun\/gumus-renk-kalp-zirkon-tasli-pandora-model-pirinc-yuzuk-ayarlanabilir\/","title":{"rendered":"G\u00fcm\u00fc\u015f Renk Kalp Zirkon Ta\u015fl\u0131 Pandora Model Pirin\u00e7 Y\u00fcz\u00fck &#8211; Ayarlanabilir"},"content":{"rendered":"<ul>\n<li>Kalp Zirkon Ta\u015fl\u0131<\/li>\n<li>Pandora Model<\/li>\n<li>Ayarlanabilir<\/li>\n<li>Pirin\u00e7<\/li>\n<\/ul>\n","protected":false},"excerpt":{"rendered":"<p>Kalp Zirkon Ta\u015fl\u0131 Pandora Model Ayarlanabilir Pirin\u00e7<\/p>\n","protected":false},"featured_media":446,"comment_status":"open","ping_status":"closed","template":"","meta":{"_kad_post_transparent":"default","_kad_post_title":"","_kad_post_layout":"default","_kad_post_sidebar_id":"","_kad_post_content_style":"default","_kad_post_vertical_padding":"default","_kad_post_feature":"","_kad_post_feature_position":"","_kad_post_header":false,"_kad_post_footer":false},"product_brand":[],"product_cat":[18],"product_tag":[38,40,39,36,37,41],"class_list":{"0":"post-465","1":"product","2":"type-product","3":"status-publish","4":"has-post-thumbnail","6":"product_cat-yuzukler","7":"product_tag-gumus-tektas","8":"product_tag-kalp-yuzuk","9":"product_tag-pandora-yuzuk","10":"product_tag-tektas","11":"product_tag-tektas-yuzuk","12":"product_tag-zirkon-tasli-yuzuk","14":"first","15":"outofstock","16":"sale","17":"taxable","18":"shipping-taxable","19":"purchasable","20":"product-type-simple","21":"entry","22":"content-bg","23":"loop-entry"},"_links":{"self":[{"href":"https:\/\/bijuden.com\/index.php\/wp-json\/wp\/v2\/product\/465","targetHints":{"allow":["GET"]}}],"collection":[{"href":"https:\/\/bijuden.com\/index.php\/wp-json\/wp\/v2\/product"}],"about":[{"href":"https:\/\/bijuden.com\/index.php\/wp-json\/wp\/v2\/types\/product"}],"replies":[{"embeddable":true,"href":"https:\/\/bijuden.com\/index.php\/wp-json\/wp\/v2\/comments?post=465"}],"wp:featuredmedia":[{"embeddable":true,"href":"https:\/\/bijuden.com\/index.php\/wp-json\/wp\/v2\/media\/446"}],"wp:attachment":[{"href":"https:\/\/bijuden.com\/index.php\/wp-json\/wp\/v2\/media?parent=465"}],"wp:term":[{"taxonomy":"product_brand","embeddable":true,"href":"https:\/\/bijuden.com\/index.php\/wp-json\/wp\/v2\/product_brand?post=465"},{"taxonomy":"product_cat","embeddable":true,"href":"https:\/\/bijuden.com\/index.php\/wp-json\/wp\/v2\/product_cat?post=465"},{"taxonomy":"product_tag","embeddable":true,"href":"https:\/\/bijuden.com\/index.php\/wp-json\/wp\/v2\/product_tag?post=465"}],"curies":[{"name":"wp","href":"https:\/\/api.w.org\/{rel}","templated":true}]}}