{"id":468,"date":"2024-04-02T00:47:23","date_gmt":"2024-04-01T21:47:23","guid":{"rendered":"https:\/\/bijuden.com\/?post_type=product&#038;p=468"},"modified":"2025-01-31T17:40:06","modified_gmt":"2025-01-31T14:40:06","slug":"gumus-renk-civili-ve-tasli-model-yuzuk-ayarlanabilir","status":"publish","type":"product","link":"https:\/\/bijuden.com\/index.php\/urun\/gumus-renk-civili-ve-tasli-model-yuzuk-ayarlanabilir\/","title":{"rendered":"G\u00fcm\u00fc\u015f Renk \u00c7ivili ve Ta\u015fl\u0131 Model Y\u00fcz\u00fck &#8211; Ayarlanabilir"},"content":{"rendered":"<ul>\n<li>G\u00fcm\u00fc\u015f Renk<\/li>\n<li>\u00c7ivili ve Ta\u015fl\u0131 Model<\/li>\n<li>Ayarlanabilir<\/li>\n<\/ul>\n","protected":false},"excerpt":{"rendered":"<p>G\u00fcm\u00fc\u015f Renk \u00c7ivili ve Ta\u015fl\u0131 Model Ayarlanabilir<\/p>\n","protected":false},"featured_media":443,"comment_status":"open","ping_status":"closed","template":"","meta":{"_kad_post_transparent":"default","_kad_post_title":"","_kad_post_layout":"default","_kad_post_sidebar_id":"","_kad_post_content_style":"default","_kad_post_vertical_padding":"default","_kad_post_feature":"","_kad_post_feature_position":"","_kad_post_header":false,"_kad_post_footer":false},"product_brand":[],"product_cat":[18],"product_tag":[44,43],"class_list":{"0":"post-468","1":"product","2":"type-product","3":"status-publish","4":"has-post-thumbnail","6":"product_cat-yuzukler","7":"product_tag-celik-yuzuk","8":"product_tag-civi-yuzuk","10":"first","11":"outofstock","12":"sale","13":"taxable","14":"shipping-taxable","15":"purchasable","16":"product-type-simple","17":"entry","18":"content-bg","19":"loop-entry"},"_links":{"self":[{"href":"https:\/\/bijuden.com\/index.php\/wp-json\/wp\/v2\/product\/468","targetHints":{"allow":["GET"]}}],"collection":[{"href":"https:\/\/bijuden.com\/index.php\/wp-json\/wp\/v2\/product"}],"about":[{"href":"https:\/\/bijuden.com\/index.php\/wp-json\/wp\/v2\/types\/product"}],"replies":[{"embeddable":true,"href":"https:\/\/bijuden.com\/index.php\/wp-json\/wp\/v2\/comments?post=468"}],"wp:featuredmedia":[{"embeddable":true,"href":"https:\/\/bijuden.com\/index.php\/wp-json\/wp\/v2\/media\/443"}],"wp:attachment":[{"href":"https:\/\/bijuden.com\/index.php\/wp-json\/wp\/v2\/media?parent=468"}],"wp:term":[{"taxonomy":"product_brand","embeddable":true,"href":"https:\/\/bijuden.com\/index.php\/wp-json\/wp\/v2\/product_brand?post=468"},{"taxonomy":"product_cat","embeddable":true,"href":"https:\/\/bijuden.com\/index.php\/wp-json\/wp\/v2\/product_cat?post=468"},{"taxonomy":"product_tag","embeddable":true,"href":"https:\/\/bijuden.com\/index.php\/wp-json\/wp\/v2\/product_tag?post=468"}],"curies":[{"name":"wp","href":"https:\/\/api.w.org\/{rel}","templated":true}]}}