{"id":469,"date":"2024-04-02T00:49:02","date_gmt":"2024-04-01T21:49:02","guid":{"rendered":"https:\/\/bijuden.com\/?post_type=product&#038;p=469"},"modified":"2025-01-31T17:39:59","modified_gmt":"2025-01-31T14:39:59","slug":"gumus-renk-yoncalar-pandora-charm-model-316l-celik-bileklik","status":"publish","type":"product","link":"https:\/\/bijuden.com\/index.php\/urun\/gumus-renk-yoncalar-pandora-charm-model-316l-celik-bileklik\/","title":{"rendered":"G\u00fcm\u00fc\u015f Renk Yoncalar Pandora Charm Model 316L \u00c7elik Bileklik"},"content":{"rendered":"<ul>\n<li>Charm Model<\/li>\n<li>G\u00fcm\u00fc\u015f Renk<\/li>\n<li>Yoncalar<\/li>\n<li>316L \u00c7elik Bileklik<\/li>\n<\/ul>\n","protected":false},"excerpt":{"rendered":"<p>Charm Model G\u00fcm\u00fc\u015f Renk Yoncalar 316L \u00c7elik Bileklik<\/p>\n","protected":false},"featured_media":447,"comment_status":"open","ping_status":"closed","template":"","meta":{"_kad_post_transparent":"default","_kad_post_title":"","_kad_post_layout":"default","_kad_post_sidebar_id":"","_kad_post_content_style":"default","_kad_post_vertical_padding":"default","_kad_post_feature":"","_kad_post_feature_position":"","_kad_post_header":false,"_kad_post_footer":false},"product_brand":[],"product_cat":[19],"product_tag":[45,48,49,46,47],"class_list":{"0":"post-469","1":"product","2":"type-product","3":"status-publish","4":"has-post-thumbnail","6":"product_cat-bileklikler","7":"product_tag-celik-bileklik","8":"product_tag-charm-bileklik","9":"product_tag-gumus-bileklik","10":"product_tag-pandora","11":"product_tag-pandora-bileklk","13":"first","14":"outofstock","15":"sale","16":"taxable","17":"shipping-taxable","18":"purchasable","19":"product-type-simple","20":"entry","21":"content-bg","22":"loop-entry"},"_links":{"self":[{"href":"https:\/\/bijuden.com\/index.php\/wp-json\/wp\/v2\/product\/469","targetHints":{"allow":["GET"]}}],"collection":[{"href":"https:\/\/bijuden.com\/index.php\/wp-json\/wp\/v2\/product"}],"about":[{"href":"https:\/\/bijuden.com\/index.php\/wp-json\/wp\/v2\/types\/product"}],"replies":[{"embeddable":true,"href":"https:\/\/bijuden.com\/index.php\/wp-json\/wp\/v2\/comments?post=469"}],"wp:featuredmedia":[{"embeddable":true,"href":"https:\/\/bijuden.com\/index.php\/wp-json\/wp\/v2\/media\/447"}],"wp:attachment":[{"href":"https:\/\/bijuden.com\/index.php\/wp-json\/wp\/v2\/media?parent=469"}],"wp:term":[{"taxonomy":"product_brand","embeddable":true,"href":"https:\/\/bijuden.com\/index.php\/wp-json\/wp\/v2\/product_brand?post=469"},{"taxonomy":"product_cat","embeddable":true,"href":"https:\/\/bijuden.com\/index.php\/wp-json\/wp\/v2\/product_cat?post=469"},{"taxonomy":"product_tag","embeddable":true,"href":"https:\/\/bijuden.com\/index.php\/wp-json\/wp\/v2\/product_tag?post=469"}],"curies":[{"name":"wp","href":"https:\/\/api.w.org\/{rel}","templated":true}]}}