{"id":472,"date":"2024-04-02T00:53:37","date_gmt":"2024-04-01T21:53:37","guid":{"rendered":"https:\/\/bijuden.com\/?post_type=product&#038;p=472"},"modified":"2025-01-31T17:39:47","modified_gmt":"2025-01-31T14:39:47","slug":"gold-renk-arpa-fanuslu-ceyrek-model-316l-celik-kelepce-acilmayan","status":"publish","type":"product","link":"https:\/\/bijuden.com\/index.php\/urun\/gold-renk-arpa-fanuslu-ceyrek-model-316l-celik-kelepce-acilmayan\/","title":{"rendered":"Gold Renk Arpa Fanuslu \u00c7eyrek Model 316L \u00c7elik Kelep\u00e7e (A\u00e7\u0131lmayan)"},"content":{"rendered":"<ul>\n<li>Arpa Fanuslu \u00c7eyrek Model<\/li>\n<li>Gold Renk<\/li>\n<li>316L \u00c7elik Kelep\u00e7e<\/li>\n<li>A\u00e7\u0131lmayan Model<\/li>\n<\/ul>\n","protected":false},"excerpt":{"rendered":"<p>Arpa Fanuslu \u00c7eyrek Model Gold Renk 316L \u00c7elik Kelep\u00e7e A\u00e7\u0131lmayan Model<\/p>\n","protected":false},"featured_media":453,"comment_status":"open","ping_status":"closed","template":"","meta":{"_kad_post_transparent":"default","_kad_post_title":"","_kad_post_layout":"default","_kad_post_sidebar_id":"","_kad_post_content_style":"default","_kad_post_vertical_padding":"default","_kad_post_feature":"","_kad_post_feature_position":"","_kad_post_header":false,"_kad_post_footer":false},"product_brand":[],"product_cat":[19],"product_tag":[51,55,45,54,53,50],"class_list":{"0":"post-472","1":"product","2":"type-product","3":"status-publish","4":"has-post-thumbnail","6":"product_cat-bileklikler","7":"product_tag-altin-bileklik","8":"product_tag-arpa-bileklik","9":"product_tag-celik-bileklik","10":"product_tag-ceyrek-bileklik","11":"product_tag-fanus-bileklik","12":"product_tag-gold-bileklik","14":"first","15":"outofstock","16":"sale","17":"taxable","18":"shipping-taxable","19":"purchasable","20":"product-type-simple","21":"entry","22":"content-bg","23":"loop-entry"},"_links":{"self":[{"href":"https:\/\/bijuden.com\/index.php\/wp-json\/wp\/v2\/product\/472","targetHints":{"allow":["GET"]}}],"collection":[{"href":"https:\/\/bijuden.com\/index.php\/wp-json\/wp\/v2\/product"}],"about":[{"href":"https:\/\/bijuden.com\/index.php\/wp-json\/wp\/v2\/types\/product"}],"replies":[{"embeddable":true,"href":"https:\/\/bijuden.com\/index.php\/wp-json\/wp\/v2\/comments?post=472"}],"wp:featuredmedia":[{"embeddable":true,"href":"https:\/\/bijuden.com\/index.php\/wp-json\/wp\/v2\/media\/453"}],"wp:attachment":[{"href":"https:\/\/bijuden.com\/index.php\/wp-json\/wp\/v2\/media?parent=472"}],"wp:term":[{"taxonomy":"product_brand","embeddable":true,"href":"https:\/\/bijuden.com\/index.php\/wp-json\/wp\/v2\/product_brand?post=472"},{"taxonomy":"product_cat","embeddable":true,"href":"https:\/\/bijuden.com\/index.php\/wp-json\/wp\/v2\/product_cat?post=472"},{"taxonomy":"product_tag","embeddable":true,"href":"https:\/\/bijuden.com\/index.php\/wp-json\/wp\/v2\/product_tag?post=472"}],"curies":[{"name":"wp","href":"https:\/\/api.w.org\/{rel}","templated":true}]}}