{"id":481,"date":"2024-04-08T22:56:27","date_gmt":"2024-04-08T19:56:27","guid":{"rendered":"https:\/\/bijuden.com\/?post_type=product&#038;p=481"},"modified":"2025-10-04T00:58:32","modified_gmt":"2025-10-03T21:58:32","slug":"donen-gul-taki-kutusu-kirmizi","status":"publish","type":"product","link":"https:\/\/bijuden.com\/index.php\/urun\/donen-gul-taki-kutusu-kirmizi\/","title":{"rendered":"Seyahat Tak\u0131 Kutusu"},"content":{"rendered":"<p>Sevdi\u011finizi \u015fa\u015f\u0131rt\u0131n ve ona harika bir s\u00fcrpriz yap\u0131n.<\/p>\n<p>Sitemizden iste\u011finiz tak\u0131y\u0131 ve bu kutuyu sat\u0131n ald\u0131\u011f\u0131n\u0131zda tak\u0131lar kutu i\u00e7ine konularak g\u00f6nderlir.<\/p>\n<p>Yada sadece kutu da alabilirsiniz.<\/p>\n<p>Kutu \u00f6l\u00e7\u00fcleri 11cm x 11cm<\/p>\n","protected":false},"excerpt":{"rendered":"<p>Sevdi\u011finizi \u015fa\u015f\u0131rt\u0131n ve ona harika bir s\u00fcrpriz yap\u0131n. Sitemizden iste\u011finiz tak\u0131y\u0131 ve bu kutuyu sat\u0131n ald\u0131\u011f\u0131n\u0131zda tak\u0131lar kutu i\u00e7ine konularak g\u00f6nderlir. Yada sadece kutu da alabilirsiniz. Kutu \u00f6l\u00e7\u00fcleri 11cm x 11cm<\/p>\n","protected":false},"featured_media":611,"comment_status":"open","ping_status":"closed","template":"","meta":{"_kad_post_transparent":"default","_kad_post_title":"","_kad_post_layout":"default","_kad_post_sidebar_id":"","_kad_post_content_style":"default","_kad_post_vertical_padding":"default","_kad_post_feature":"","_kad_post_feature_position":"","_kad_post_header":false,"_kad_post_footer":false},"product_brand":[],"product_cat":[21],"product_tag":[56,57],"class_list":{"0":"post-481","1":"product","2":"type-product","3":"status-publish","4":"has-post-thumbnail","6":"product_cat-kutular","7":"product_tag-seyahat-taki-kutusu","8":"product_tag-taki-kutusu","10":"first","11":"instock","12":"sale","13":"taxable","14":"shipping-taxable","15":"purchasable","16":"product-type-simple","17":"entry","18":"content-bg","19":"loop-entry"},"_links":{"self":[{"href":"https:\/\/bijuden.com\/index.php\/wp-json\/wp\/v2\/product\/481","targetHints":{"allow":["GET"]}}],"collection":[{"href":"https:\/\/bijuden.com\/index.php\/wp-json\/wp\/v2\/product"}],"about":[{"href":"https:\/\/bijuden.com\/index.php\/wp-json\/wp\/v2\/types\/product"}],"replies":[{"embeddable":true,"href":"https:\/\/bijuden.com\/index.php\/wp-json\/wp\/v2\/comments?post=481"}],"wp:featuredmedia":[{"embeddable":true,"href":"https:\/\/bijuden.com\/index.php\/wp-json\/wp\/v2\/media\/611"}],"wp:attachment":[{"href":"https:\/\/bijuden.com\/index.php\/wp-json\/wp\/v2\/media?parent=481"}],"wp:term":[{"taxonomy":"product_brand","embeddable":true,"href":"https:\/\/bijuden.com\/index.php\/wp-json\/wp\/v2\/product_brand?post=481"},{"taxonomy":"product_cat","embeddable":true,"href":"https:\/\/bijuden.com\/index.php\/wp-json\/wp\/v2\/product_cat?post=481"},{"taxonomy":"product_tag","embeddable":true,"href":"https:\/\/bijuden.com\/index.php\/wp-json\/wp\/v2\/product_tag?post=481"}],"curies":[{"name":"wp","href":"https:\/\/api.w.org\/{rel}","templated":true}]}}