{"id":551,"date":"2024-04-09T13:42:14","date_gmt":"2024-04-09T10:42:14","guid":{"rendered":"https:\/\/bijuden.com\/?post_type=product&#038;p=551"},"modified":"2024-04-14T12:39:33","modified_gmt":"2024-04-14T09:39:33","slug":"kirmizi-ayicik-anahtarlik","status":"publish","type":"product","link":"https:\/\/bijuden.com\/index.php\/urun\/kirmizi-ayicik-anahtarlik\/","title":{"rendered":"K\u0131rm\u0131z\u0131 Ay\u0131c\u0131k Anahtarl\u0131k"},"content":{"rendered":"<p>Anahtarl\u0131k K\u0131rm\u0131z\u0131 Ay\u0131c\u0131k<\/p>\n<p>Boyutu 10cm dir.<\/p>\n<p>Tak\u0131 al\u0131rken yan\u0131na bu sevimli ay\u0131c\u0131\u011f\u0131 ekleyebilirsiniz.<\/p>\n<p>&nbsp;<\/p>\n","protected":false},"excerpt":{"rendered":"<p>Anahtarl\u0131k K\u0131rm\u0131z\u0131 Ay\u0131c\u0131k Boyutu 10cm dir. Tak\u0131 al\u0131rken yan\u0131na bu sevimli ay\u0131c\u0131\u011f\u0131 ekleyebilirsiniz. &nbsp;<\/p>\n","protected":false},"featured_media":621,"comment_status":"open","ping_status":"closed","template":"","meta":{"_kad_post_transparent":"default","_kad_post_title":"","_kad_post_layout":"default","_kad_post_sidebar_id":"","_kad_post_content_style":"default","_kad_post_vertical_padding":"default","_kad_post_feature":"","_kad_post_feature_position":"","_kad_post_header":false,"_kad_post_footer":false},"product_brand":[],"product_cat":[22],"product_tag":[60,58,59],"class_list":{"0":"post-551","1":"product","2":"type-product","3":"status-publish","4":"has-post-thumbnail","6":"product_cat-hediyelikler","7":"product_tag-anahtarlik-ayicik","8":"product_tag-ayicik-anahtarlik","9":"product_tag-kirmizi-ayi","11":"first","12":"instock","13":"sale","14":"taxable","15":"shipping-taxable","16":"purchasable","17":"product-type-simple","18":"entry","19":"content-bg","20":"loop-entry"},"_links":{"self":[{"href":"https:\/\/bijuden.com\/index.php\/wp-json\/wp\/v2\/product\/551","targetHints":{"allow":["GET"]}}],"collection":[{"href":"https:\/\/bijuden.com\/index.php\/wp-json\/wp\/v2\/product"}],"about":[{"href":"https:\/\/bijuden.com\/index.php\/wp-json\/wp\/v2\/types\/product"}],"replies":[{"embeddable":true,"href":"https:\/\/bijuden.com\/index.php\/wp-json\/wp\/v2\/comments?post=551"}],"wp:featuredmedia":[{"embeddable":true,"href":"https:\/\/bijuden.com\/index.php\/wp-json\/wp\/v2\/media\/621"}],"wp:attachment":[{"href":"https:\/\/bijuden.com\/index.php\/wp-json\/wp\/v2\/media?parent=551"}],"wp:term":[{"taxonomy":"product_brand","embeddable":true,"href":"https:\/\/bijuden.com\/index.php\/wp-json\/wp\/v2\/product_brand?post=551"},{"taxonomy":"product_cat","embeddable":true,"href":"https:\/\/bijuden.com\/index.php\/wp-json\/wp\/v2\/product_cat?post=551"},{"taxonomy":"product_tag","embeddable":true,"href":"https:\/\/bijuden.com\/index.php\/wp-json\/wp\/v2\/product_tag?post=551"}],"curies":[{"name":"wp","href":"https:\/\/api.w.org\/{rel}","templated":true}]}}