{"id":556,"date":"2024-04-09T13:44:32","date_gmt":"2024-04-09T10:44:32","guid":{"rendered":"https:\/\/bijuden.com\/?post_type=product&#038;p=556"},"modified":"2025-10-04T01:01:39","modified_gmt":"2025-10-03T22:01:39","slug":"ponpon-anahtarlik-karisik-renklerde","status":"publish","type":"product","link":"https:\/\/bijuden.com\/index.php\/urun\/ponpon-anahtarlik-karisik-renklerde\/","title":{"rendered":"Ponpon Anahtarl\u0131k (Kar\u0131\u015f\u0131k renklerde)"},"content":{"rendered":"<p>Ponpon Anahtarl\u0131k<\/p>\n<p>Anahtarl\u0131klar \u00e7ok h\u0131zl\u0131 t\u00fckendi\u011finden\u00a0 istedi\u011finiz rengin olmamas\u0131 durumunda yak\u0131n renk g\u00f6nderilecektir.<\/p>\n<p>Sipari\u015f sonras\u0131nda 2 renk bildirebilirsiniz.<\/p>\n<p>Tak\u0131 al\u0131rken yan\u0131na bu yumu\u015fac\u0131k ponponlardan ekleyebilirsiniz.<\/p>\n<p>&nbsp;<\/p>\n","protected":false},"excerpt":{"rendered":"<p>Ponpon Anahtarl\u0131k Anahtarl\u0131klar \u00e7ok h\u0131zl\u0131 t\u00fckendi\u011finden\u00a0 istedi\u011finiz rengin olmamas\u0131 durumunda yak\u0131n renk g\u00f6nderilecektir. Sipari\u015f sonras\u0131nda 2 renk bildirebilirsiniz. Tak\u0131 al\u0131rken yan\u0131na bu yumu\u015fac\u0131k ponponlardan ekleyebilirsiniz. &nbsp;<\/p>\n","protected":false},"featured_media":618,"comment_status":"open","ping_status":"closed","template":"","meta":{"_kad_post_transparent":"default","_kad_post_title":"","_kad_post_layout":"default","_kad_post_sidebar_id":"","_kad_post_content_style":"default","_kad_post_vertical_padding":"default","_kad_post_feature":"","_kad_post_feature_position":"","_kad_post_header":false,"_kad_post_footer":false},"product_brand":[],"product_cat":[22],"product_tag":[62,61,63],"class_list":{"0":"post-556","1":"product","2":"type-product","3":"status-publish","4":"has-post-thumbnail","6":"product_cat-hediyelikler","7":"product_tag-anahtarlik-yumusak-ponpon","8":"product_tag-ponpon-anahtarlik","9":"product_tag-renkli-ponpon","11":"first","12":"instock","13":"sale","14":"taxable","15":"shipping-taxable","16":"purchasable","17":"product-type-simple","18":"entry","19":"content-bg","20":"loop-entry"},"_links":{"self":[{"href":"https:\/\/bijuden.com\/index.php\/wp-json\/wp\/v2\/product\/556","targetHints":{"allow":["GET"]}}],"collection":[{"href":"https:\/\/bijuden.com\/index.php\/wp-json\/wp\/v2\/product"}],"about":[{"href":"https:\/\/bijuden.com\/index.php\/wp-json\/wp\/v2\/types\/product"}],"replies":[{"embeddable":true,"href":"https:\/\/bijuden.com\/index.php\/wp-json\/wp\/v2\/comments?post=556"}],"wp:featuredmedia":[{"embeddable":true,"href":"https:\/\/bijuden.com\/index.php\/wp-json\/wp\/v2\/media\/618"}],"wp:attachment":[{"href":"https:\/\/bijuden.com\/index.php\/wp-json\/wp\/v2\/media?parent=556"}],"wp:term":[{"taxonomy":"product_brand","embeddable":true,"href":"https:\/\/bijuden.com\/index.php\/wp-json\/wp\/v2\/product_brand?post=556"},{"taxonomy":"product_cat","embeddable":true,"href":"https:\/\/bijuden.com\/index.php\/wp-json\/wp\/v2\/product_cat?post=556"},{"taxonomy":"product_tag","embeddable":true,"href":"https:\/\/bijuden.com\/index.php\/wp-json\/wp\/v2\/product_tag?post=556"}],"curies":[{"name":"wp","href":"https:\/\/api.w.org\/{rel}","templated":true}]}}