{"id":642,"date":"2024-04-19T20:48:12","date_gmt":"2024-04-19T17:48:12","guid":{"rendered":"https:\/\/bijuden.com\/?post_type=product&#038;p=642"},"modified":"2025-01-31T17:39:06","modified_gmt":"2025-01-31T14:39:06","slug":"kanatli-tektas-pirpir-kolye","status":"publish","type":"product","link":"https:\/\/bijuden.com\/index.php\/urun\/kanatli-tektas-pirpir-kolye\/","title":{"rendered":"Kanatl\u0131 Tekta\u015f P\u0131rp\u0131r Kolye"},"content":{"rendered":"<ul>\n<li>Kanatl\u0131<\/li>\n<li>Zirkon Tek Ta\u015fl\u0131 Hareketli Model<\/li>\n<li>Gold Renk<\/li>\n<li>316L \u00c7elik Kolye<\/li>\n<\/ul>\n","protected":false},"excerpt":{"rendered":"<p>Kanatl\u0131 Zirkon Tek Ta\u015fl\u0131 Hareketli Model Gold Renk 316L \u00c7elik Kolye<\/p>\n","protected":false},"featured_media":643,"comment_status":"open","ping_status":"closed","template":"","meta":{"_kad_post_transparent":"default","_kad_post_title":"","_kad_post_layout":"default","_kad_post_sidebar_id":"","_kad_post_content_style":"default","_kad_post_vertical_padding":"default","_kad_post_feature":"","_kad_post_feature_position":"","_kad_post_header":false,"_kad_post_footer":false},"product_brand":[],"product_cat":[16],"product_tag":[26,35,24,64,65,33],"class_list":{"0":"post-642","1":"product","2":"type-product","3":"status-publish","4":"has-post-thumbnail","6":"product_cat-kolyeler","7":"product_tag-celik-kolye","8":"product_tag-hareket-eden-kanatli-kolye","9":"product_tag-kanatli-kolye","10":"product_tag-pirpir-kolye","11":"product_tag-tek-tas-kolye","12":"product_tag-zirkon-tas","14":"first","15":"outofstock","16":"sale","17":"taxable","18":"shipping-taxable","19":"purchasable","20":"product-type-simple","21":"entry","22":"content-bg","23":"loop-entry"},"_links":{"self":[{"href":"https:\/\/bijuden.com\/index.php\/wp-json\/wp\/v2\/product\/642","targetHints":{"allow":["GET"]}}],"collection":[{"href":"https:\/\/bijuden.com\/index.php\/wp-json\/wp\/v2\/product"}],"about":[{"href":"https:\/\/bijuden.com\/index.php\/wp-json\/wp\/v2\/types\/product"}],"replies":[{"embeddable":true,"href":"https:\/\/bijuden.com\/index.php\/wp-json\/wp\/v2\/comments?post=642"}],"wp:featuredmedia":[{"embeddable":true,"href":"https:\/\/bijuden.com\/index.php\/wp-json\/wp\/v2\/media\/643"}],"wp:attachment":[{"href":"https:\/\/bijuden.com\/index.php\/wp-json\/wp\/v2\/media?parent=642"}],"wp:term":[{"taxonomy":"product_brand","embeddable":true,"href":"https:\/\/bijuden.com\/index.php\/wp-json\/wp\/v2\/product_brand?post=642"},{"taxonomy":"product_cat","embeddable":true,"href":"https:\/\/bijuden.com\/index.php\/wp-json\/wp\/v2\/product_cat?post=642"},{"taxonomy":"product_tag","embeddable":true,"href":"https:\/\/bijuden.com\/index.php\/wp-json\/wp\/v2\/product_tag?post=642"}],"curies":[{"name":"wp","href":"https:\/\/api.w.org\/{rel}","templated":true}]}}