{"id":660,"date":"2024-04-19T21:15:35","date_gmt":"2024-04-19T18:15:35","guid":{"rendered":"https:\/\/bijuden.com\/?post_type=product&#038;p=660"},"modified":"2026-04-10T13:06:12","modified_gmt":"2026-04-10T10:06:12","slug":"100-dilde-seni-seviyorum-projeksiyon-kolye-kar-tanesi","status":"publish","type":"product","link":"https:\/\/bijuden.com\/index.php\/urun\/100-dilde-seni-seviyorum-projeksiyon-kolye-kar-tanesi\/","title":{"rendered":"100 Dilde Seni Seviyorum Projeksiyon Kolye &#8211; Kar Tanesi"},"content":{"rendered":"<ul>\n<li>Projeksiyon Kolye (I\u015f\u0131k Tut Duvara Yans\u0131t)<\/li>\n<li>\u0130\u00e7inde 100 Dilde Seni Seviyorum yaz\u0131yor.<\/li>\n<li>Gold Renk ve Zirkon ta\u015f detayl\u0131.<\/li>\n<li>316L \u00c7elik Kolye<\/li>\n<li>Kar tanesi kolye<\/li>\n<\/ul>\n","protected":false},"excerpt":{"rendered":"<p>Projeksiyon Kolye (I\u015f\u0131k Tut Duvara Yans\u0131t) \u0130\u00e7inde 100 Dilde Seni Seviyorum yaz\u0131yor. Gold Renk ve Zirkon ta\u015f detayl\u0131. 316L \u00c7elik Kolye Kar tanesi kolye<\/p>\n","protected":false},"featured_media":662,"comment_status":"open","ping_status":"closed","template":"","meta":{"_kad_post_transparent":"default","_kad_post_title":"","_kad_post_layout":"default","_kad_post_sidebar_id":"","_kad_post_content_style":"default","_kad_post_vertical_padding":"default","_kad_post_feature":"","_kad_post_feature_position":"","_kad_post_header":false,"_kad_post_footer":false},"product_brand":[],"product_cat":[16],"product_tag":[67,26,71,66,69,33],"class_list":{"0":"post-660","1":"product","2":"type-product","3":"status-publish","4":"has-post-thumbnail","6":"product_cat-kolyeler","7":"product_tag-100dilde-seni-seviyorum","8":"product_tag-celik-kolye","9":"product_tag-kar-tanesi","10":"product_tag-projeksiyon-kolye","11":"product_tag-seni-seviyorum-kolye","12":"product_tag-zirkon-tas","14":"first","15":"outofstock","16":"sale","17":"taxable","18":"shipping-taxable","19":"purchasable","20":"product-type-simple","21":"entry","22":"content-bg","23":"loop-entry"},"_links":{"self":[{"href":"https:\/\/bijuden.com\/index.php\/wp-json\/wp\/v2\/product\/660","targetHints":{"allow":["GET"]}}],"collection":[{"href":"https:\/\/bijuden.com\/index.php\/wp-json\/wp\/v2\/product"}],"about":[{"href":"https:\/\/bijuden.com\/index.php\/wp-json\/wp\/v2\/types\/product"}],"replies":[{"embeddable":true,"href":"https:\/\/bijuden.com\/index.php\/wp-json\/wp\/v2\/comments?post=660"}],"wp:featuredmedia":[{"embeddable":true,"href":"https:\/\/bijuden.com\/index.php\/wp-json\/wp\/v2\/media\/662"}],"wp:attachment":[{"href":"https:\/\/bijuden.com\/index.php\/wp-json\/wp\/v2\/media?parent=660"}],"wp:term":[{"taxonomy":"product_brand","embeddable":true,"href":"https:\/\/bijuden.com\/index.php\/wp-json\/wp\/v2\/product_brand?post=660"},{"taxonomy":"product_cat","embeddable":true,"href":"https:\/\/bijuden.com\/index.php\/wp-json\/wp\/v2\/product_cat?post=660"},{"taxonomy":"product_tag","embeddable":true,"href":"https:\/\/bijuden.com\/index.php\/wp-json\/wp\/v2\/product_tag?post=660"}],"curies":[{"name":"wp","href":"https:\/\/api.w.org\/{rel}","templated":true}]}}