{"id":667,"date":"2024-04-19T21:20:03","date_gmt":"2024-04-19T18:20:03","guid":{"rendered":"https:\/\/bijuden.com\/?post_type=product&#038;p=667"},"modified":"2025-01-31T17:38:40","modified_gmt":"2025-01-31T14:38:40","slug":"beyaz-cift-zirkon-tasli-kalp-kolye-gold-renk","status":"publish","type":"product","link":"https:\/\/bijuden.com\/index.php\/urun\/beyaz-cift-zirkon-tasli-kalp-kolye-gold-renk\/","title":{"rendered":"Beyaz \u00c7ift Zirkon ta\u015fl\u0131 Kalp Kolye Gold Renk"},"content":{"rendered":"<ul>\n<li>Gold Renk<\/li>\n<li>\u00c7ift Zirkon ta\u015f detayl\u0131.<\/li>\n<li>316L \u00c7elik Kolye<\/li>\n<li>Kalp Kolye<\/li>\n<\/ul>\n","protected":false},"excerpt":{"rendered":"<p>Gold Renk \u00c7ift Zirkon ta\u015f detayl\u0131. 316L \u00c7elik Kolye Kalp Kolye<\/p>\n","protected":false},"featured_media":671,"comment_status":"open","ping_status":"closed","template":"","meta":{"_kad_post_transparent":"default","_kad_post_title":"","_kad_post_layout":"default","_kad_post_sidebar_id":"","_kad_post_content_style":"default","_kad_post_vertical_padding":"default","_kad_post_feature":"","_kad_post_feature_position":"","_kad_post_header":false,"_kad_post_footer":false},"product_brand":[],"product_cat":[16],"product_tag":[26,23,33],"class_list":{"0":"post-667","1":"product","2":"type-product","3":"status-publish","4":"has-post-thumbnail","6":"product_cat-kolyeler","7":"product_tag-celik-kolye","8":"product_tag-kalp-kolye","9":"product_tag-zirkon-tas","11":"first","12":"outofstock","13":"sale","14":"taxable","15":"shipping-taxable","16":"purchasable","17":"product-type-simple","18":"entry","19":"content-bg","20":"loop-entry"},"_links":{"self":[{"href":"https:\/\/bijuden.com\/index.php\/wp-json\/wp\/v2\/product\/667","targetHints":{"allow":["GET"]}}],"collection":[{"href":"https:\/\/bijuden.com\/index.php\/wp-json\/wp\/v2\/product"}],"about":[{"href":"https:\/\/bijuden.com\/index.php\/wp-json\/wp\/v2\/types\/product"}],"replies":[{"embeddable":true,"href":"https:\/\/bijuden.com\/index.php\/wp-json\/wp\/v2\/comments?post=667"}],"wp:featuredmedia":[{"embeddable":true,"href":"https:\/\/bijuden.com\/index.php\/wp-json\/wp\/v2\/media\/671"}],"wp:attachment":[{"href":"https:\/\/bijuden.com\/index.php\/wp-json\/wp\/v2\/media?parent=667"}],"wp:term":[{"taxonomy":"product_brand","embeddable":true,"href":"https:\/\/bijuden.com\/index.php\/wp-json\/wp\/v2\/product_brand?post=667"},{"taxonomy":"product_cat","embeddable":true,"href":"https:\/\/bijuden.com\/index.php\/wp-json\/wp\/v2\/product_cat?post=667"},{"taxonomy":"product_tag","embeddable":true,"href":"https:\/\/bijuden.com\/index.php\/wp-json\/wp\/v2\/product_tag?post=667"}],"curies":[{"name":"wp","href":"https:\/\/api.w.org\/{rel}","templated":true}]}}