{"id":707,"date":"2024-04-19T23:52:14","date_gmt":"2024-04-19T20:52:14","guid":{"rendered":"https:\/\/bijuden.com\/?post_type=product&#038;p=707"},"modified":"2025-01-31T17:38:13","modified_gmt":"2025-01-31T14:38:13","slug":"mavi-zirkontasli-kanatli-kalp-kolye-gold-renk","status":"publish","type":"product","link":"https:\/\/bijuden.com\/index.php\/urun\/mavi-zirkontasli-kanatli-kalp-kolye-gold-renk\/","title":{"rendered":"Mavi Zirkonta\u015fl\u0131 Kanatl\u0131 Kalp Kolye Gold Renk"},"content":{"rendered":"<ul>\n<li>Mavi Zirkonta\u015fl\u0131<\/li>\n<li>Kanatl\u0131 Kalp<\/li>\n<li>\u00c7elik Kolye<\/li>\n<li>Gold Renk<\/li>\n<\/ul>\n","protected":false},"excerpt":{"rendered":"<p>Mavi Zirkonta\u015fl\u0131 Kanatl\u0131 Kalp \u00c7elik Kolye Gold Renk<\/p>\n","protected":false},"featured_media":708,"comment_status":"open","ping_status":"closed","template":"","meta":{"_kad_post_transparent":"default","_kad_post_title":"","_kad_post_layout":"default","_kad_post_sidebar_id":"","_kad_post_content_style":"default","_kad_post_vertical_padding":"default","_kad_post_feature":"","_kad_post_feature_position":"","_kad_post_header":false,"_kad_post_footer":false},"product_brand":[],"product_cat":[16],"product_tag":[26,74,23,24,77],"class_list":{"0":"post-707","1":"product","2":"type-product","3":"status-publish","4":"has-post-thumbnail","6":"product_cat-kolyeler","7":"product_tag-celik-kolye","8":"product_tag-gold-kolye","9":"product_tag-kalp-kolye","10":"product_tag-kanatli-kolye","11":"product_tag-mavi-zirkon-tas","13":"first","14":"outofstock","15":"sale","16":"taxable","17":"shipping-taxable","18":"purchasable","19":"product-type-simple","20":"entry","21":"content-bg","22":"loop-entry"},"_links":{"self":[{"href":"https:\/\/bijuden.com\/index.php\/wp-json\/wp\/v2\/product\/707","targetHints":{"allow":["GET"]}}],"collection":[{"href":"https:\/\/bijuden.com\/index.php\/wp-json\/wp\/v2\/product"}],"about":[{"href":"https:\/\/bijuden.com\/index.php\/wp-json\/wp\/v2\/types\/product"}],"replies":[{"embeddable":true,"href":"https:\/\/bijuden.com\/index.php\/wp-json\/wp\/v2\/comments?post=707"}],"wp:featuredmedia":[{"embeddable":true,"href":"https:\/\/bijuden.com\/index.php\/wp-json\/wp\/v2\/media\/708"}],"wp:attachment":[{"href":"https:\/\/bijuden.com\/index.php\/wp-json\/wp\/v2\/media?parent=707"}],"wp:term":[{"taxonomy":"product_brand","embeddable":true,"href":"https:\/\/bijuden.com\/index.php\/wp-json\/wp\/v2\/product_brand?post=707"},{"taxonomy":"product_cat","embeddable":true,"href":"https:\/\/bijuden.com\/index.php\/wp-json\/wp\/v2\/product_cat?post=707"},{"taxonomy":"product_tag","embeddable":true,"href":"https:\/\/bijuden.com\/index.php\/wp-json\/wp\/v2\/product_tag?post=707"}],"curies":[{"name":"wp","href":"https:\/\/api.w.org\/{rel}","templated":true}]}}