{"id":731,"date":"2024-04-20T01:46:46","date_gmt":"2024-04-19T22:46:46","guid":{"rendered":"https:\/\/bijuden.com\/?post_type=product&#038;p=731"},"modified":"2025-01-31T17:37:43","modified_gmt":"2025-01-31T14:37:43","slug":"donen-gul-kutusu-pandora-saf-guzellik-seti-altin-parlakligi","status":"publish","type":"product","link":"https:\/\/bijuden.com\/index.php\/urun\/donen-gul-kutusu-pandora-saf-guzellik-seti-altin-parlakligi\/","title":{"rendered":"D\u00f6nen G\u00fcl Kutusu + Pandora Saf G\u00fczellik Seti, Alt\u0131n Parlakl\u0131\u011f\u0131"},"content":{"rendered":"<ul>\n<li><strong>D\u00f6nen G\u00fcl Tak\u0131 Kutusu i\u00e7inde g\u00f6nderilecektir<\/strong><\/li>\n<li>1 Adet Pandora Kalp kolye ve Beyaz Zirkon Ta\u015fl\u0131<\/li>\n<li>1 Adet Ciddi ili\u015fki y\u00fcz\u00fc\u011f\u00fc Beyaz Zirkon ta\u015fl\u0131<\/li>\n<li>Gold Renktir<\/li>\n<li>\u00c7ok avantajl\u0131 fiyatl\u0131 setimiz<\/li>\n<li>316L \u00c7elik Kolye<\/li>\n<\/ul>\n","protected":false},"excerpt":{"rendered":"<p>D\u00f6nen G\u00fcl Tak\u0131 Kutusu i\u00e7inde g\u00f6nderilecektir 1 Adet Pandora Kalp kolye ve Beyaz Zirkon Ta\u015fl\u0131 1 Adet Ciddi ili\u015fki y\u00fcz\u00fc\u011f\u00fc Beyaz Zirkon ta\u015fl\u0131 Gold Renktir \u00c7ok avantajl\u0131 fiyatl\u0131 setimiz 316L \u00c7elik Kolye<\/p>\n","protected":false},"featured_media":735,"comment_status":"open","ping_status":"closed","template":"","meta":{"_kad_post_transparent":"default","_kad_post_title":"","_kad_post_layout":"default","_kad_post_sidebar_id":"","_kad_post_content_style":"default","_kad_post_vertical_padding":"default","_kad_post_feature":"","_kad_post_feature_position":"","_kad_post_header":false,"_kad_post_footer":false},"product_brand":[],"product_cat":[20],"product_tag":[78,23,82,31,39,80,81],"class_list":{"0":"post-731","1":"product","2":"type-product","3":"status-publish","4":"has-post-thumbnail","6":"product_cat-setler","7":"product_tag-ciddi-iliski-yuzugu","8":"product_tag-kalp-kolye","9":"product_tag-kolye-yuzuk","10":"product_tag-pandora-kolye","11":"product_tag-pandora-yuzuk","12":"product_tag-prenses-kolye","13":"product_tag-taki-seti","15":"first","16":"outofstock","17":"sale","18":"taxable","19":"shipping-taxable","20":"purchasable","21":"product-type-simple","22":"entry","23":"content-bg","24":"loop-entry"},"_links":{"self":[{"href":"https:\/\/bijuden.com\/index.php\/wp-json\/wp\/v2\/product\/731","targetHints":{"allow":["GET"]}}],"collection":[{"href":"https:\/\/bijuden.com\/index.php\/wp-json\/wp\/v2\/product"}],"about":[{"href":"https:\/\/bijuden.com\/index.php\/wp-json\/wp\/v2\/types\/product"}],"replies":[{"embeddable":true,"href":"https:\/\/bijuden.com\/index.php\/wp-json\/wp\/v2\/comments?post=731"}],"wp:featuredmedia":[{"embeddable":true,"href":"https:\/\/bijuden.com\/index.php\/wp-json\/wp\/v2\/media\/735"}],"wp:attachment":[{"href":"https:\/\/bijuden.com\/index.php\/wp-json\/wp\/v2\/media?parent=731"}],"wp:term":[{"taxonomy":"product_brand","embeddable":true,"href":"https:\/\/bijuden.com\/index.php\/wp-json\/wp\/v2\/product_brand?post=731"},{"taxonomy":"product_cat","embeddable":true,"href":"https:\/\/bijuden.com\/index.php\/wp-json\/wp\/v2\/product_cat?post=731"},{"taxonomy":"product_tag","embeddable":true,"href":"https:\/\/bijuden.com\/index.php\/wp-json\/wp\/v2\/product_tag?post=731"}],"curies":[{"name":"wp","href":"https:\/\/api.w.org\/{rel}","templated":true}]}}