{"id":737,"date":"2024-04-20T01:55:27","date_gmt":"2024-04-19T22:55:27","guid":{"rendered":"https:\/\/bijuden.com\/?post_type=product&#038;p=737"},"modified":"2025-01-31T17:36:57","modified_gmt":"2025-01-31T14:36:57","slug":"donen-gul-taki-kutusu-hareketli-kanatli-prenses-kolye-ve-ciddi-iliski-yuzugu-seti-gumus-renk","status":"publish","type":"product","link":"https:\/\/bijuden.com\/index.php\/urun\/donen-gul-taki-kutusu-hareketli-kanatli-prenses-kolye-ve-ciddi-iliski-yuzugu-seti-gumus-renk\/","title":{"rendered":"D\u00f6nen G\u00fcl Tak\u0131 Kutusu + Hareketli Kanatl\u0131 Prenses Kolye ve Ciddi \u0130li\u015fki Y\u00fcz\u00fc\u011f\u00fc Seti G\u00fcm\u00fc\u015f Renk"},"content":{"rendered":"<ul>\n<li><strong>D\u00f6nen G\u00fcl Tak\u0131 Kutusu i\u00e7inde g\u00f6nderilecektir<\/strong><\/li>\n<li>1 Adet Hareketli Kanatl\u0131 Melek Kalp Kolye Pembe Zirkon ta\u015fl\u0131<\/li>\n<li>1 Adet Ciddi ili\u015fki y\u00fcz\u00fc\u011f\u00fc Pembe Zirkon ta\u015fl\u0131<\/li>\n<li>G\u00fcm\u00fc\u015f renktir<\/li>\n<li>\u00c7ok avantajl\u0131 fiyatl\u0131 setimiz<\/li>\n<li>316L \u00c7elik Kolye<\/li>\n<\/ul>\n","protected":false},"excerpt":{"rendered":"<p>D\u00f6nen G\u00fcl Tak\u0131 Kutusu i\u00e7inde g\u00f6nderilecektir 1 Adet Hareketli Kanatl\u0131 Melek Kalp Kolye Pembe Zirkon ta\u015fl\u0131 1 Adet Ciddi ili\u015fki y\u00fcz\u00fc\u011f\u00fc Pembe Zirkon ta\u015fl\u0131 G\u00fcm\u00fc\u015f renktir \u00c7ok avantajl\u0131 fiyatl\u0131 setimiz 316L \u00c7elik Kolye<\/p>\n","protected":false},"featured_media":733,"comment_status":"open","ping_status":"closed","template":"","meta":{"_kad_post_transparent":"default","_kad_post_title":"","_kad_post_layout":"default","_kad_post_sidebar_id":"","_kad_post_content_style":"default","_kad_post_vertical_padding":"default","_kad_post_feature":"","_kad_post_feature_position":"","_kad_post_header":false,"_kad_post_footer":false},"product_brand":[],"product_cat":[20],"product_tag":[78,79,23,82,80,81],"class_list":{"0":"post-737","1":"product","2":"type-product","3":"status-publish","4":"has-post-thumbnail","6":"product_cat-setler","7":"product_tag-ciddi-iliski-yuzugu","8":"product_tag-hareketli-kanat","9":"product_tag-kalp-kolye","10":"product_tag-kolye-yuzuk","11":"product_tag-prenses-kolye","12":"product_tag-taki-seti","14":"first","15":"outofstock","16":"sale","17":"taxable","18":"shipping-taxable","19":"purchasable","20":"product-type-simple","21":"entry","22":"content-bg","23":"loop-entry"},"_links":{"self":[{"href":"https:\/\/bijuden.com\/index.php\/wp-json\/wp\/v2\/product\/737","targetHints":{"allow":["GET"]}}],"collection":[{"href":"https:\/\/bijuden.com\/index.php\/wp-json\/wp\/v2\/product"}],"about":[{"href":"https:\/\/bijuden.com\/index.php\/wp-json\/wp\/v2\/types\/product"}],"replies":[{"embeddable":true,"href":"https:\/\/bijuden.com\/index.php\/wp-json\/wp\/v2\/comments?post=737"}],"wp:featuredmedia":[{"embeddable":true,"href":"https:\/\/bijuden.com\/index.php\/wp-json\/wp\/v2\/media\/733"}],"wp:attachment":[{"href":"https:\/\/bijuden.com\/index.php\/wp-json\/wp\/v2\/media?parent=737"}],"wp:term":[{"taxonomy":"product_brand","embeddable":true,"href":"https:\/\/bijuden.com\/index.php\/wp-json\/wp\/v2\/product_brand?post=737"},{"taxonomy":"product_cat","embeddable":true,"href":"https:\/\/bijuden.com\/index.php\/wp-json\/wp\/v2\/product_cat?post=737"},{"taxonomy":"product_tag","embeddable":true,"href":"https:\/\/bijuden.com\/index.php\/wp-json\/wp\/v2\/product_tag?post=737"}],"curies":[{"name":"wp","href":"https:\/\/api.w.org\/{rel}","templated":true}]}}