{"id":738,"date":"2024-04-20T01:56:51","date_gmt":"2024-04-19T22:56:51","guid":{"rendered":"https:\/\/bijuden.com\/?post_type=product&#038;p=738"},"modified":"2025-01-31T17:36:50","modified_gmt":"2025-01-31T14:36:50","slug":"donen-gul-taki-kutusu-hareketli-kanatli-prenses-kolye-ve-ciddi-iliski-yuzugu-seti","status":"publish","type":"product","link":"https:\/\/bijuden.com\/index.php\/urun\/donen-gul-taki-kutusu-hareketli-kanatli-prenses-kolye-ve-ciddi-iliski-yuzugu-seti\/","title":{"rendered":"D\u00f6nen G\u00fcl Tak\u0131 Kutusu + Hareketli Kanatl\u0131 Prenses Kolye ve Ciddi \u0130li\u015fki Y\u00fcz\u00fc\u011f\u00fc Seti"},"content":{"rendered":"<ul>\n<li><strong>D\u00f6nen G\u00fcl Tak\u0131 Kutusu i\u00e7inde g\u00f6nderilecektir<\/strong><\/li>\n<li>1 Adet Hareketli Kanatl\u0131 Melek Kalp Kolye Pembe Zirkon ta\u015fl\u0131<\/li>\n<li>1 Adet Ciddi ili\u015fki y\u00fcz\u00fc\u011f\u00fc Pembe Zirkon ta\u015fl\u0131<\/li>\n<li>Gold renktir<\/li>\n<li>\u00c7ok avantajl\u0131 fiyatl\u0131 setimiz<\/li>\n<li>316L \u00c7elik Kolye<\/li>\n<\/ul>\n","protected":false},"excerpt":{"rendered":"<p>D\u00f6nen G\u00fcl Tak\u0131 Kutusu i\u00e7inde g\u00f6nderilecektir 1 Adet Hareketli Kanatl\u0131 Melek Kalp Kolye Pembe Zirkon ta\u015fl\u0131 1 Adet Ciddi ili\u015fki y\u00fcz\u00fc\u011f\u00fc Pembe Zirkon ta\u015fl\u0131 Gold renktir \u00c7ok avantajl\u0131 fiyatl\u0131 setimiz 316L \u00c7elik Kolye<\/p>\n","protected":false},"featured_media":732,"comment_status":"open","ping_status":"closed","template":"","meta":{"_kad_post_transparent":"default","_kad_post_title":"","_kad_post_layout":"default","_kad_post_sidebar_id":"","_kad_post_content_style":"default","_kad_post_vertical_padding":"default","_kad_post_feature":"","_kad_post_feature_position":"","_kad_post_header":false,"_kad_post_footer":false},"product_brand":[],"product_cat":[20],"product_tag":[78,79,23,82,80,81],"class_list":{"0":"post-738","1":"product","2":"type-product","3":"status-publish","4":"has-post-thumbnail","6":"product_cat-setler","7":"product_tag-ciddi-iliski-yuzugu","8":"product_tag-hareketli-kanat","9":"product_tag-kalp-kolye","10":"product_tag-kolye-yuzuk","11":"product_tag-prenses-kolye","12":"product_tag-taki-seti","14":"first","15":"outofstock","16":"sale","17":"taxable","18":"shipping-taxable","19":"purchasable","20":"product-type-simple","21":"entry","22":"content-bg","23":"loop-entry"},"_links":{"self":[{"href":"https:\/\/bijuden.com\/index.php\/wp-json\/wp\/v2\/product\/738","targetHints":{"allow":["GET"]}}],"collection":[{"href":"https:\/\/bijuden.com\/index.php\/wp-json\/wp\/v2\/product"}],"about":[{"href":"https:\/\/bijuden.com\/index.php\/wp-json\/wp\/v2\/types\/product"}],"replies":[{"embeddable":true,"href":"https:\/\/bijuden.com\/index.php\/wp-json\/wp\/v2\/comments?post=738"}],"wp:featuredmedia":[{"embeddable":true,"href":"https:\/\/bijuden.com\/index.php\/wp-json\/wp\/v2\/media\/732"}],"wp:attachment":[{"href":"https:\/\/bijuden.com\/index.php\/wp-json\/wp\/v2\/media?parent=738"}],"wp:term":[{"taxonomy":"product_brand","embeddable":true,"href":"https:\/\/bijuden.com\/index.php\/wp-json\/wp\/v2\/product_brand?post=738"},{"taxonomy":"product_cat","embeddable":true,"href":"https:\/\/bijuden.com\/index.php\/wp-json\/wp\/v2\/product_cat?post=738"},{"taxonomy":"product_tag","embeddable":true,"href":"https:\/\/bijuden.com\/index.php\/wp-json\/wp\/v2\/product_tag?post=738"}],"curies":[{"name":"wp","href":"https:\/\/api.w.org\/{rel}","templated":true}]}}